{"id":3319,"date":"2020-10-21T16:57:48","date_gmt":"2020-10-21T20:57:48","guid":{"rendered":"https:\/\/dev.canadianhelicopters.com\/fleet\/"},"modified":"2021-01-12T11:43:08","modified_gmt":"2021-01-12T16:43:08","slug":"flotte","status":"publish","type":"page","link":"https:\/\/www.canadianhelicopters.com\/fr\/flotte\/","title":{"rendered":"Flotte"},"content":{"rendered":"\n<style type=\"text\/css\" data-created_by=\"avia_inline_auto\" id=\"style-css-av-kgicl5wk-5453ca47082fa2f08f7d01c4b63c3177\">\n.avia-section.av-kgicl5wk-5453ca47082fa2f08f7d01c4b63c3177{\nbackground-repeat:no-repeat;\nbackground-image:url(https:\/\/www.canadianhelicopters.com\/wp-content\/uploads\/2020\/12\/Fleet-2.jpg);\nbackground-position:50% 50%;\nbackground-attachment:scroll;\n}\n<\/style>\n<div id='av_section_1'  class='avia-section av-kgicl5wk-5453ca47082fa2f08f7d01c4b63c3177 main_color avia-section-default avia-no-border-styling  avia-builder-el-0  el_before_av_hr  avia-builder-el-first  avia-full-stretch avia-bg-style-scroll av-minimum-height av-minimum-height-35 av-height-percent  container_wrap sidebar_right'  data-section-bg-repeat='stretch' data-av_minimum_height_pc='35' data-av_min_height_opt='percent'><div class='container av-section-cont-open' ><main  role=\"main\" itemprop=\"mainContentOfPage\"  class='template-page content  av-content-small alpha units'><div class='post-entry post-entry-type-page post-entry-3319'><div class='entry-content-wrapper clearfix'><\/div><\/div><\/main><!-- close content main element --><\/div><\/div><div id='after_section_1'  class='main_color av_default_container_wrap container_wrap sidebar_right'  ><div class='container av-section-cont-open' ><div class='template-page content  av-content-small alpha units'><div class='post-entry post-entry-type-page post-entry-3319'><div class='entry-content-wrapper clearfix'>\n\n<style type=\"text\/css\" data-created_by=\"avia_inline_auto\" id=\"style-css-av-kgicufre-d8e0afda1b8385d2c5967a007567580f\">\n#top .hr.hr-invisible.av-kgicufre-d8e0afda1b8385d2c5967a007567580f{\nmargin-top:-50px;\nheight:1px;\n}\n<\/style>\n<div  class='hr av-kgicufre-d8e0afda1b8385d2c5967a007567580f hr-invisible  avia-builder-el-1  el_after_av_section  el_before_av_one_full  avia-builder-el-first '><span class='hr-inner '><span class=\"hr-inner-style\"><\/span><\/span><\/div>\n<div class='flex_column_table av-kgiclwql-e8b07f9feffdb5405978c6689e1b2b9e sc-av_one_full av-equal-height-column-flextable'>\n<style type=\"text\/css\" data-created_by=\"avia_inline_auto\" id=\"style-css-av-kgiclwql-e8b07f9feffdb5405978c6689e1b2b9e\">\n.flex_column.av-kgiclwql-e8b07f9feffdb5405978c6689e1b2b9e{\nborder-radius:0px 0px 0px 0px;\npadding:0px 10% 0px 0px;\n}\n<\/style>\n<div  class='flex_column av-kgiclwql-e8b07f9feffdb5405978c6689e1b2b9e av_one_full  avia-builder-el-2  el_after_av_hr  el_before_av_one_half  first flex_column_table_cell av-equal-height-column av-align-top  '     ><p>\n<style type=\"text\/css\" data-created_by=\"avia_inline_auto\" id=\"style-css-av-kgjva475-81b2c5b27979dae63849e124f76f8288\">\n#top .av-special-heading.av-kgjva475-81b2c5b27979dae63849e124f76f8288{\npadding-bottom:10px;\n}\nbody .av-special-heading.av-kgjva475-81b2c5b27979dae63849e124f76f8288 .av-special-heading-tag .heading-char{\nfont-size:25px;\n}\n.av-special-heading.av-kgjva475-81b2c5b27979dae63849e124f76f8288 .av-subheading{\nfont-size:15px;\n}\n<\/style>\n<div  class='av-special-heading av-kgjva475-81b2c5b27979dae63849e124f76f8288 av-special-heading-h1 blockquote modern-quote  avia-builder-el-3  el_before_av_textblock  avia-builder-el-first '><h1 class='av-special-heading-tag '  itemprop=\"headline\"  >Flotte<\/h1><div class=\"special-heading-border\"><div class=\"special-heading-inner-border\"><\/div><\/div><\/div><br \/>\n\n<style type=\"text\/css\" data-created_by=\"avia_inline_auto\" id=\"style-css-av-kgic8tc2-2c011f51cdf826d1c07f64aa2932b3e4\">\n#top .av_textblock_section.av-kgic8tc2-2c011f51cdf826d1c07f64aa2932b3e4 .avia_textblock{\nfont-size:20px;\n}\n<\/style>\n<section  class='av_textblock_section av-kgic8tc2-2c011f51cdf826d1c07f64aa2932b3e4 '   itemscope=\"itemscope\" itemtype=\"https:\/\/schema.org\/CreativeWork\" ><div class='avia_textblock'  itemprop=\"text\" ><p>Quelle que soit la mission \u00e0 remplir ou l\u2019endroit \u00e0 atteindre, Groupe HNZ dispose d\u2019une vaste flotte diversifi\u00e9e d\u2019h\u00e9licopt\u00e8res toujours dans un monde \u00e0 part quant au service, \u00e0 la s\u00e9curit\u00e9 et \u00e0 l\u2019excellence.<\/p>\n<\/div><\/section><br \/>\n\n<style type=\"text\/css\" data-created_by=\"avia_inline_auto\" id=\"style-css-av-kgjvhxy5-4a8b83c5f610966fe0ab7ea7b1906a62\">\n#top .hr.hr-invisible.av-kgjvhxy5-4a8b83c5f610966fe0ab7ea7b1906a62{\nmargin-top:-50px;\nheight:1px;\n}\n<\/style>\n<div  class='hr av-kgjvhxy5-4a8b83c5f610966fe0ab7ea7b1906a62 hr-invisible  avia-builder-el-5  el_after_av_textblock  avia-builder-el-last '><span class='hr-inner '><span class=\"hr-inner-style\"><\/span><\/span><\/div><\/p><\/div><\/div><!--close column table wrapper. Autoclose: 1 -->\n<div class='flex_column_table av-kgicadq3-0649bba451341c43d14974db58c81453 sc-av_one_half av-equal-height-column-flextable'>\n<style type=\"text\/css\" data-created_by=\"avia_inline_auto\" id=\"style-css-av-kgicadq3-0649bba451341c43d14974db58c81453\">\n.flex_column.av-kgicadq3-0649bba451341c43d14974db58c81453{\nborder-radius:0px 0px 0px 0px;\npadding:5% 2% 5% 2%;\n}\n<\/style>\n<div  class='flex_column av-kgicadq3-0649bba451341c43d14974db58c81453 av_one_half  avia-builder-el-6  el_after_av_one_full  el_before_av_one_half  first flex_column_table_cell av-equal-height-column av-align-top avia-link-column av-column-link avia-link-column-hover  column-top-margin'    data-link-column-url=\"https:\/\/www.canadianhelicopters.com\/fleet\/single-engine-aircraft\/\"   ><a class=\"av-screen-reader-only\" href=https:\/\/www.canadianhelicopters.com\/fleet\/single-engine-aircraft\/ >Lier vers : Single Engine Aircraft<\/a><p>\n<style type=\"text\/css\" data-created_by=\"avia_inline_auto\" id=\"style-css-av-kgjva475-bf479b7f11ed62f5aa416b402d1ddc10\">\n#top .av-special-heading.av-kgjva475-bf479b7f11ed62f5aa416b402d1ddc10{\npadding-bottom:10px;\n}\nbody .av-special-heading.av-kgjva475-bf479b7f11ed62f5aa416b402d1ddc10 .av-special-heading-tag .heading-char{\nfont-size:25px;\n}\n.av-special-heading.av-kgjva475-bf479b7f11ed62f5aa416b402d1ddc10 .av-subheading{\nfont-size:15px;\n}\n<\/style>\n<div  class='av-special-heading av-kgjva475-bf479b7f11ed62f5aa416b402d1ddc10 av-special-heading-h2 blockquote modern-quote modern-centered  avia-builder-el-7  el_before_av_image  avia-builder-el-first '><h2 class='av-special-heading-tag '  itemprop=\"headline\"  >Mono-turbine<\/h2><div class=\"special-heading-border\"><div class=\"special-heading-inner-border\"><\/div><\/div><\/div><br \/>\n\n<style type=\"text\/css\" data-created_by=\"avia_inline_auto\" id=\"style-css-av-kgiense5-c2d6d212000c7f989cd76e545933aa0a\">\n.avia-image-container.av-kgiense5-c2d6d212000c7f989cd76e545933aa0a img.avia_image{\nbox-shadow:none;\n}\n.avia-image-container.av-kgiense5-c2d6d212000c7f989cd76e545933aa0a .av-image-caption-overlay-center{\ncolor:#ffffff;\n}\n<\/style>\n<div  class='avia-image-container av-kgiense5-c2d6d212000c7f989cd76e545933aa0a av-styling- avia-align-center  avia-builder-el-8  el_after_av_heading  avia-builder-el-last '   itemprop=\"image\" itemscope=\"itemscope\" itemtype=\"https:\/\/schema.org\/ImageObject\" ><div class=\"avia-image-container-inner\"><div class=\"avia-image-overlay-wrap\"><img decoding=\"async\" fetchpriority=\"high\" class='wp-image-2812 avia-img-lazy-loading-not-2812 avia_image ' src=\"https:\/\/www.canadianhelicopters.com\/wp-content\/uploads\/2020\/10\/single-engine-Aircraft-300x172.png\" alt='' title='single engine Aircraft'  height=\"172\" width=\"300\"  itemprop=\"thumbnailUrl\" srcset=\"https:\/\/www.canadianhelicopters.com\/wp-content\/uploads\/2020\/10\/single-engine-Aircraft-300x172.png 300w, https:\/\/www.canadianhelicopters.com\/wp-content\/uploads\/2020\/10\/single-engine-Aircraft.png 338w\" sizes=\"(max-width: 300px) 100vw, 300px\" \/><\/div><\/div><\/div><\/p><\/div>\n<div class='av-flex-placeholder'><\/div>\n<style type=\"text\/css\" data-created_by=\"avia_inline_auto\" id=\"style-css-av-kgicadq3-3f16a622889ae751d528ceea2391bcfb\">\n@keyframes av_boxShadowEffect_av-kgicadq3-3f16a622889ae751d528ceea2391bcfb-row {\n0%   { box-shadow:  0 0 0 0 rgba(10,10,10,0.29); opacity: 1; }\n100% { box-shadow:  0 0 10px 0 rgba(10,10,10,0.29); opacity: 1; }\n}\n.flex_column_table.av-equal-height-column-flextable.av-kgicadq3-3f16a622889ae751d528ceea2391bcfb{\nbox-shadow: 0 0 10px 0 rgba(10,10,10,0.29);\n}\n.flex_column.av-kgicadq3-3f16a622889ae751d528ceea2391bcfb{\nborder-radius:0px 0px 0px 0px;\npadding:5% 2% 5% 2%;\n}\n<\/style>\n<div  class='flex_column av-kgicadq3-3f16a622889ae751d528ceea2391bcfb av_one_half  avia-builder-el-9  el_after_av_one_half  avia-builder-el-last  flex_column_table_cell av-equal-height-column av-align-top avia-link-column av-column-link avia-link-column-hover  column-top-margin'    data-link-column-url=\"https:\/\/www.canadianhelicopters.com\/fleet\/twin-engine-aircraft\/\"   ><a class=\"av-screen-reader-only\" href=https:\/\/www.canadianhelicopters.com\/fleet\/twin-engine-aircraft\/ >Lier vers : Twin Engine Aircraft<\/a><p>\n<style type=\"text\/css\" data-created_by=\"avia_inline_auto\" id=\"style-css-av-kgjva475-53f341103783b5828eeb24aef153f695\">\n#top .av-special-heading.av-kgjva475-53f341103783b5828eeb24aef153f695{\npadding-bottom:10px;\n}\nbody .av-special-heading.av-kgjva475-53f341103783b5828eeb24aef153f695 .av-special-heading-tag .heading-char{\nfont-size:25px;\n}\n.av-special-heading.av-kgjva475-53f341103783b5828eeb24aef153f695 .av-subheading{\nfont-size:15px;\n}\n<\/style>\n<div  class='av-special-heading av-kgjva475-53f341103783b5828eeb24aef153f695 av-special-heading-h2 blockquote modern-quote modern-centered  avia-builder-el-10  el_before_av_image  avia-builder-el-first '><h2 class='av-special-heading-tag '  itemprop=\"headline\"  >Bi-turbine<\/h2><div class=\"special-heading-border\"><div class=\"special-heading-inner-border\"><\/div><\/div><\/div><br \/>\n\n<style type=\"text\/css\" data-created_by=\"avia_inline_auto\" id=\"style-css-av-kgiense5-1d6d91fe338ef0ce500774f1e0b2fd55\">\n.avia-image-container.av-kgiense5-1d6d91fe338ef0ce500774f1e0b2fd55 img.avia_image{\nbox-shadow:none;\n}\n.avia-image-container.av-kgiense5-1d6d91fe338ef0ce500774f1e0b2fd55 .av-image-caption-overlay-center{\ncolor:#ffffff;\n}\n<\/style>\n<div  class='avia-image-container av-kgiense5-1d6d91fe338ef0ce500774f1e0b2fd55 av-styling- avia-align-center  avia-builder-el-11  el_after_av_heading  avia-builder-el-last '   itemprop=\"image\" itemscope=\"itemscope\" itemtype=\"https:\/\/schema.org\/ImageObject\" ><div class=\"avia-image-container-inner\"><div class=\"avia-image-overlay-wrap\"><img decoding=\"async\" fetchpriority=\"high\" class='wp-image-2810 avia-img-lazy-loading-not-2810 avia_image ' src=\"https:\/\/www.canadianhelicopters.com\/wp-content\/uploads\/2020\/10\/double-engine-Aircraft-300x172.png\" alt='' title='double engine Aircraft'  height=\"172\" width=\"300\"  itemprop=\"thumbnailUrl\" srcset=\"https:\/\/www.canadianhelicopters.com\/wp-content\/uploads\/2020\/10\/double-engine-Aircraft-300x172.png 300w, https:\/\/www.canadianhelicopters.com\/wp-content\/uploads\/2020\/10\/double-engine-Aircraft-768x441.png 768w, https:\/\/www.canadianhelicopters.com\/wp-content\/uploads\/2020\/10\/double-engine-Aircraft-705x405.png 705w, https:\/\/www.canadianhelicopters.com\/wp-content\/uploads\/2020\/10\/double-engine-Aircraft.png 1024w\" sizes=\"(max-width: 300px) 100vw, 300px\" \/><\/div><\/div><\/div><\/p><\/div><\/div><!--close column table wrapper. Autoclose: 1 -->\n","protected":false},"excerpt":{"rendered":"","protected":false},"author":4,"featured_media":0,"parent":0,"menu_order":0,"comment_status":"closed","ping_status":"closed","template":"","meta":{"footnotes":""},"class_list":["post-3319","page","type-page","status-publish","hentry"],"yoast_head":"<!-- This site is optimized with the Yoast SEO plugin v27.6 - https:\/\/yoast.com\/product\/yoast-seo-wordpress\/ -->\n<title>Flotte - Canadian Helicopters<\/title>\n<meta name=\"robots\" content=\"index, follow, max-snippet:-1, max-image-preview:large, max-video-preview:-1\" \/>\n<link rel=\"canonical\" href=\"https:\/\/www.canadianhelicopters.com\/fr\/flotte\/\" \/>\n<meta property=\"og:locale\" content=\"fr_FR\" \/>\n<meta property=\"og:type\" content=\"article\" \/>\n<meta property=\"og:title\" content=\"Flotte - Canadian Helicopters\" \/>\n<meta property=\"og:url\" content=\"https:\/\/www.canadianhelicopters.com\/fr\/flotte\/\" \/>\n<meta property=\"og:site_name\" content=\"Canadian Helicopters\" \/>\n<meta property=\"article:modified_time\" content=\"2021-01-12T16:43:08+00:00\" \/>\n<meta name=\"twitter:card\" content=\"summary_large_image\" \/>\n<meta name=\"twitter:label1\" content=\"Dur\u00e9e de lecture estim\u00e9e\" \/>\n\t<meta name=\"twitter:data1\" content=\"6 minutes\" \/>\n<script type=\"application\/ld+json\" class=\"yoast-schema-graph\">{\"@context\":\"https:\\\/\\\/schema.org\",\"@graph\":[{\"@type\":\"WebPage\",\"@id\":\"https:\\\/\\\/www.canadianhelicopters.com\\\/fr\\\/flotte\\\/\",\"url\":\"https:\\\/\\\/www.canadianhelicopters.com\\\/fr\\\/flotte\\\/\",\"name\":\"Flotte - Canadian Helicopters\",\"isPartOf\":{\"@id\":\"https:\\\/\\\/www.canadianhelicopters.com\\\/fr\\\/#website\"},\"datePublished\":\"2020-10-21T20:57:48+00:00\",\"dateModified\":\"2021-01-12T16:43:08+00:00\",\"breadcrumb\":{\"@id\":\"https:\\\/\\\/www.canadianhelicopters.com\\\/fr\\\/flotte\\\/#breadcrumb\"},\"inLanguage\":\"fr-FR\",\"potentialAction\":[{\"@type\":\"ReadAction\",\"target\":[\"https:\\\/\\\/www.canadianhelicopters.com\\\/fr\\\/flotte\\\/\"]}]},{\"@type\":\"BreadcrumbList\",\"@id\":\"https:\\\/\\\/www.canadianhelicopters.com\\\/fr\\\/flotte\\\/#breadcrumb\",\"itemListElement\":[{\"@type\":\"ListItem\",\"position\":1,\"name\":\"Home\",\"item\":\"https:\\\/\\\/www.canadianhelicopters.com\\\/fr\\\/home\\\/\"},{\"@type\":\"ListItem\",\"position\":2,\"name\":\"Flotte\"}]},{\"@type\":\"WebSite\",\"@id\":\"https:\\\/\\\/www.canadianhelicopters.com\\\/fr\\\/#website\",\"url\":\"https:\\\/\\\/www.canadianhelicopters.com\\\/fr\\\/\",\"name\":\"Canadian Helicopters\",\"description\":\"\",\"publisher\":{\"@id\":\"https:\\\/\\\/www.canadianhelicopters.com\\\/fr\\\/#organization\"},\"potentialAction\":[{\"@type\":\"SearchAction\",\"target\":{\"@type\":\"EntryPoint\",\"urlTemplate\":\"https:\\\/\\\/www.canadianhelicopters.com\\\/fr\\\/?s={search_term_string}\"},\"query-input\":{\"@type\":\"PropertyValueSpecification\",\"valueRequired\":true,\"valueName\":\"search_term_string\"}}],\"inLanguage\":\"fr-FR\"},{\"@type\":\"Organization\",\"@id\":\"https:\\\/\\\/www.canadianhelicopters.com\\\/fr\\\/#organization\",\"name\":\"Canadian Helicopters\",\"url\":\"https:\\\/\\\/www.canadianhelicopters.com\\\/fr\\\/\",\"logo\":{\"@type\":\"ImageObject\",\"inLanguage\":\"fr-FR\",\"@id\":\"https:\\\/\\\/www.canadianhelicopters.com\\\/fr\\\/#\\\/schema\\\/logo\\\/image\\\/\",\"url\":\"https:\\\/\\\/www.canadianhelicopters.com\\\/wp-content\\\/uploads\\\/2020\\\/10\\\/CH-logo-EN.png\",\"contentUrl\":\"https:\\\/\\\/www.canadianhelicopters.com\\\/wp-content\\\/uploads\\\/2020\\\/10\\\/CH-logo-EN.png\",\"width\":230,\"height\":129,\"caption\":\"Canadian Helicopters\"},\"image\":{\"@id\":\"https:\\\/\\\/www.canadianhelicopters.com\\\/fr\\\/#\\\/schema\\\/logo\\\/image\\\/\"}}]}<\/script>\n<!-- \/ Yoast SEO plugin. -->","yoast_head_json":{"title":"Flotte - Canadian Helicopters","robots":{"index":"index","follow":"follow","max-snippet":"max-snippet:-1","max-image-preview":"max-image-preview:large","max-video-preview":"max-video-preview:-1"},"canonical":"https:\/\/www.canadianhelicopters.com\/fr\/flotte\/","og_locale":"fr_FR","og_type":"article","og_title":"Flotte - Canadian Helicopters","og_url":"https:\/\/www.canadianhelicopters.com\/fr\/flotte\/","og_site_name":"Canadian Helicopters","article_modified_time":"2021-01-12T16:43:08+00:00","twitter_card":"summary_large_image","twitter_misc":{"Dur\u00e9e de lecture estim\u00e9e":"6 minutes"},"schema":{"@context":"https:\/\/schema.org","@graph":[{"@type":"WebPage","@id":"https:\/\/www.canadianhelicopters.com\/fr\/flotte\/","url":"https:\/\/www.canadianhelicopters.com\/fr\/flotte\/","name":"Flotte - Canadian Helicopters","isPartOf":{"@id":"https:\/\/www.canadianhelicopters.com\/fr\/#website"},"datePublished":"2020-10-21T20:57:48+00:00","dateModified":"2021-01-12T16:43:08+00:00","breadcrumb":{"@id":"https:\/\/www.canadianhelicopters.com\/fr\/flotte\/#breadcrumb"},"inLanguage":"fr-FR","potentialAction":[{"@type":"ReadAction","target":["https:\/\/www.canadianhelicopters.com\/fr\/flotte\/"]}]},{"@type":"BreadcrumbList","@id":"https:\/\/www.canadianhelicopters.com\/fr\/flotte\/#breadcrumb","itemListElement":[{"@type":"ListItem","position":1,"name":"Home","item":"https:\/\/www.canadianhelicopters.com\/fr\/home\/"},{"@type":"ListItem","position":2,"name":"Flotte"}]},{"@type":"WebSite","@id":"https:\/\/www.canadianhelicopters.com\/fr\/#website","url":"https:\/\/www.canadianhelicopters.com\/fr\/","name":"Canadian Helicopters","description":"","publisher":{"@id":"https:\/\/www.canadianhelicopters.com\/fr\/#organization"},"potentialAction":[{"@type":"SearchAction","target":{"@type":"EntryPoint","urlTemplate":"https:\/\/www.canadianhelicopters.com\/fr\/?s={search_term_string}"},"query-input":{"@type":"PropertyValueSpecification","valueRequired":true,"valueName":"search_term_string"}}],"inLanguage":"fr-FR"},{"@type":"Organization","@id":"https:\/\/www.canadianhelicopters.com\/fr\/#organization","name":"Canadian Helicopters","url":"https:\/\/www.canadianhelicopters.com\/fr\/","logo":{"@type":"ImageObject","inLanguage":"fr-FR","@id":"https:\/\/www.canadianhelicopters.com\/fr\/#\/schema\/logo\/image\/","url":"https:\/\/www.canadianhelicopters.com\/wp-content\/uploads\/2020\/10\/CH-logo-EN.png","contentUrl":"https:\/\/www.canadianhelicopters.com\/wp-content\/uploads\/2020\/10\/CH-logo-EN.png","width":230,"height":129,"caption":"Canadian Helicopters"},"image":{"@id":"https:\/\/www.canadianhelicopters.com\/fr\/#\/schema\/logo\/image\/"}}]}},"_links":{"self":[{"href":"https:\/\/www.canadianhelicopters.com\/fr\/wp-json\/wp\/v2\/pages\/3319","targetHints":{"allow":["GET"]}}],"collection":[{"href":"https:\/\/www.canadianhelicopters.com\/fr\/wp-json\/wp\/v2\/pages"}],"about":[{"href":"https:\/\/www.canadianhelicopters.com\/fr\/wp-json\/wp\/v2\/types\/page"}],"author":[{"embeddable":true,"href":"https:\/\/www.canadianhelicopters.com\/fr\/wp-json\/wp\/v2\/users\/4"}],"replies":[{"embeddable":true,"href":"https:\/\/www.canadianhelicopters.com\/fr\/wp-json\/wp\/v2\/comments?post=3319"}],"version-history":[{"count":0,"href":"https:\/\/www.canadianhelicopters.com\/fr\/wp-json\/wp\/v2\/pages\/3319\/revisions"}],"wp:attachment":[{"href":"https:\/\/www.canadianhelicopters.com\/fr\/wp-json\/wp\/v2\/media?parent=3319"}],"curies":[{"name":"wp","href":"https:\/\/api.w.org\/{rel}","templated":true}]}}