{"id":3326,"date":"2020-10-27T13:52:17","date_gmt":"2020-10-27T17:52:17","guid":{"rendered":"https:\/\/dev.canadianhelicopters.com\/contact\/"},"modified":"2021-07-05T11:29:40","modified_gmt":"2021-07-05T15:29:40","slug":"contact","status":"publish","type":"page","link":"https:\/\/www.canadianhelicopters.com\/fr\/contact\/","title":{"rendered":"Contact"},"content":{"rendered":"\n<style type=\"text\/css\" data-created_by=\"avia_inline_auto\" id=\"style-css-av-kgicl5wk-1fce7e1e04e40d61ed35dc34785491d9\">\n.avia-section.av-kgicl5wk-1fce7e1e04e40d61ed35dc34785491d9{\nbackground-repeat:no-repeat;\nbackground-image:url(https:\/\/www.canadianhelicopters.com\/wp-content\/uploads\/2020\/12\/Contact-4.jpg);\nbackground-position:0% 50%;\nbackground-attachment:scroll;\n}\n<\/style>\n<div id='av_section_1'  class='avia-section av-kgicl5wk-1fce7e1e04e40d61ed35dc34785491d9 main_color avia-section-default avia-no-border-styling  avia-builder-el-0  el_before_av_three_fifth  avia-builder-el-first  avia-full-stretch avia-bg-style-scroll av-minimum-height av-minimum-height-35 av-height-percent  container_wrap sidebar_right'  data-section-bg-repeat='stretch' data-av_minimum_height_pc='35' data-av_min_height_opt='percent'><div class='container av-section-cont-open' ><main  role=\"main\" itemprop=\"mainContentOfPage\"  class='template-page content  av-content-small alpha units'><div class='post-entry post-entry-type-page post-entry-3326'><div class='entry-content-wrapper clearfix'><\/div><\/div><\/main><!-- close content main element --><\/div><\/div><div id='after_section_1'  class='main_color av_default_container_wrap container_wrap sidebar_right'  ><div class='container av-section-cont-open' ><div class='template-page content  av-content-small alpha units'><div class='post-entry post-entry-type-page post-entry-3326'><div class='entry-content-wrapper clearfix'>\n\n<style type=\"text\/css\" data-created_by=\"avia_inline_auto\" id=\"style-css-av-kgiclwql-1e0b18dc4b8d309e9a1ecd49aaca0fa0\">\n.flex_column.av-kgiclwql-1e0b18dc4b8d309e9a1ecd49aaca0fa0{\nborder-radius:0px 0px 0px 0px;\npadding:0px 0px 0px 0px;\n}\n<\/style>\n<div  class='flex_column av-kgiclwql-1e0b18dc4b8d309e9a1ecd49aaca0fa0 av_three_fifth  avia-builder-el-1  el_after_av_section  el_before_av_two_fifth  avia-builder-el-first  first flex_column_div av-zero-column-padding  '     ><p>\n<style type=\"text\/css\" data-created_by=\"avia_inline_auto\" id=\"style-css-av-av_heading-70aaf276ea5eef1223d829f5c67b6640\">\n#top .av-special-heading.av-av_heading-70aaf276ea5eef1223d829f5c67b6640{\npadding-bottom:10px;\n}\nbody .av-special-heading.av-av_heading-70aaf276ea5eef1223d829f5c67b6640 .av-special-heading-tag .heading-char{\nfont-size:25px;\n}\n.av-special-heading.av-av_heading-70aaf276ea5eef1223d829f5c67b6640 .av-subheading{\nfont-size:15px;\n}\n<\/style>\n<div  class='av-special-heading av-av_heading-70aaf276ea5eef1223d829f5c67b6640 av-special-heading-h1 blockquote modern-quote  avia-builder-el-2  el_before_av_textblock  avia-builder-el-first '><h1 class='av-special-heading-tag '  itemprop=\"headline\"  >Contact<\/h1><div class=\"special-heading-border\"><div class=\"special-heading-inner-border\"><\/div><\/div><\/div><br \/>\n\n<style type=\"text\/css\" data-created_by=\"avia_inline_auto\" id=\"style-css-av-kgic8tc2-2c011f51cdf826d1c07f64aa2932b3e4\">\n#top .av_textblock_section.av-kgic8tc2-2c011f51cdf826d1c07f64aa2932b3e4 .avia_textblock{\nfont-size:20px;\n}\n<\/style>\n<section  class='av_textblock_section av-kgic8tc2-2c011f51cdf826d1c07f64aa2932b3e4 '   itemscope=\"itemscope\" itemtype=\"https:\/\/schema.org\/CreativeWork\" ><div class='avia_textblock'  itemprop=\"text\" ><p>Merci de visiter le site Web d\u2019H\u00e9licopt\u00e8res Canadiens. Veuillez utiliser les informations ci-dessous pour contacter le bureau appropri\u00e9.<\/p>\n<\/div><\/section><br \/>\n\n<style type=\"text\/css\" data-created_by=\"avia_inline_auto\" id=\"style-css-av-kgs9k7cg-9042c9b662c1a6fba63ced032bf6e224\">\n#top .hr.hr-invisible.av-kgs9k7cg-9042c9b662c1a6fba63ced032bf6e224{\nheight:15px;\n}\n<\/style>\n<div  class='hr av-kgs9k7cg-9042c9b662c1a6fba63ced032bf6e224 hr-invisible  avia-builder-el-4  el_after_av_textblock  el_before_av_textblock '><span class='hr-inner '><span class=\"hr-inner-style\"><\/span><\/span><\/div><br \/>\n<section  class='av_textblock_section av-kgic8tc2-f929a36c5a299f587c6d690ed7cb1e56 '   itemscope=\"itemscope\" itemtype=\"https:\/\/schema.org\/CreativeWork\" ><div class='avia_textblock'  itemprop=\"text\" ><div id=\"u997\" class=\"ax_default paragraph\">\n<div id=\"u997_text\" class=\"text \"><strong>Si\u00e8ge social de l\u2019entreprise<\/strong><\/div>\n<div class=\"text \">H\u00e9licopt\u00e8res Canadiens<\/div>\n<div class=\"text \">1215 Mont\u00e9e Pilon<\/div>\n<div class=\"text \">Les C\u00e8dres, QC<\/div>\n<div class=\"text \">Qu\u00e9bec J7T 1G1<\/div>\n<div class=\"text \">Tel +1 450 452 3000<\/div>\n<div class=\"text \"><a href=\"m&#97;&#105;&#x6c;&#x74;o:&#105;&#110;&#x66;&#x6f;&#64;c&#97;&#110;&#x61;&#x64;ia&#110;&#x68;&#x65;&#x6c;i&#99;&#111;&#x70;&#x74;&#x65;r&#115;&#46;&#x63;&#x6f;&#x6d;\">&#x69;&#x6e;&#102;&#111;&#64;&#x63;&#x61;&#x6e;&#97;di&#x61;&#x6e;&#104;&#101;l&#x69;&#x63;&#x6f;&#112;te&#x72;&#x73;&#46;&#99;o&#x6d;<\/a><\/div>\n<\/div>\n<\/div><\/section><br \/>\n\n<style type=\"text\/css\" data-created_by=\"avia_inline_auto\" id=\"style-css-av-kgs9k7cg-9042c9b662c1a6fba63ced032bf6e224\">\n#top .hr.hr-invisible.av-kgs9k7cg-9042c9b662c1a6fba63ced032bf6e224{\nheight:15px;\n}\n<\/style>\n<div  class='hr av-kgs9k7cg-9042c9b662c1a6fba63ced032bf6e224 hr-invisible  avia-builder-el-6  el_after_av_textblock  el_before_av_textblock '><span class='hr-inner '><span class=\"hr-inner-style\"><\/span><\/span><\/div><br \/>\n<section  class='av_textblock_section av-kgic8tc2-f929a36c5a299f587c6d690ed7cb1e56 '   itemscope=\"itemscope\" itemtype=\"https:\/\/schema.org\/CreativeWork\" ><div class='avia_textblock'  itemprop=\"text\" ><div id=\"u997\" class=\"ax_default paragraph\">\n<div id=\"u997_text\" class=\"text \"><strong>Ressources humaines<\/strong><\/div>\n<\/div>\n<div id=\"u998\" class=\"ax_default paragraph\">\n<div id=\"u998_text\" class=\"text \">\n<div class=\"text \">H\u00e9licopt\u00e8res Canadiens<br \/>\n1215 Mont\u00e9e Pilon<\/div>\n<div class=\"text \">Les C\u00e8dres, QC<\/div>\n<div class=\"text \">Qu\u00e9bec J7T 1G1<\/div>\n<div class=\"text \">Tel +1 450 452 3000<\/div>\n<div class=\"text \"><\/div>\n<\/div>\n<\/div>\n<\/div><\/section><br \/>\n\n<style type=\"text\/css\" data-created_by=\"avia_inline_auto\" id=\"style-css-av-kgs9k7cg-9042c9b662c1a6fba63ced032bf6e224\">\n#top .hr.hr-invisible.av-kgs9k7cg-9042c9b662c1a6fba63ced032bf6e224{\nheight:15px;\n}\n<\/style>\n<div  class='hr av-kgs9k7cg-9042c9b662c1a6fba63ced032bf6e224 hr-invisible  avia-builder-el-8  el_after_av_textblock  el_before_av_textblock '><span class='hr-inner '><span class=\"hr-inner-style\"><\/span><\/span><\/div><br \/>\n<section  class='av_textblock_section av-kgic8tc2-f929a36c5a299f587c6d690ed7cb1e56 '   itemscope=\"itemscope\" itemtype=\"https:\/\/schema.org\/CreativeWork\" ><div class='avia_textblock'  itemprop=\"text\" ><div id=\"u997\" class=\"ax_default paragraph\">\n<div id=\"u997_text\" class=\"text \"><\/div>\n<\/div>\n<div id=\"u998\" class=\"ax_default paragraph\">\n<div id=\"u998_text\" class=\"text \"><strong>Bureau de la direction<\/strong><\/div>\n<\/div>\n<div id=\"u999\" class=\"ax_default paragraph\">\n<div id=\"u999_text\" class=\"text \">H\u00e9licopt\u00e8res Canadiens<br \/>\n4500, 1000 Airport Road<br \/>\nA\u00e9roport international d\u2019Edmonton<br \/>\nAlberta T9E 0V3<br \/>\nTel +1 780 429 6900<br \/>\n<a href=\"&#x6d;&#97;i&#x6c;&#x74;&#111;:&#x65;&#100;m&#x6f;&#x6e;&#116;o&#x6e;&#64;c&#x61;&#x6e;&#97;d&#x69;&#x61;&#110;&#x68;&#x65;&#108;i&#x63;&#x6f;&#112;t&#x65;&#114;s&#x2e;&#x63;&#111;m\">&#101;&#x64;m&#111;&#x6e;t&#111;&#x6e;&#64;&#x63;&#x61;&#110;&#x61;d&#105;&#x61;n&#104;&#x65;l&#x69;&#x63;&#111;&#x70;&#x74;&#101;&#x72;s&#46;&#x63;o&#109;<\/a><\/div>\n<\/div>\n<div class=\"\"><\/div>\n<div><\/div>\n<div id=\"u1000\" class=\"ax_default paragraph\">\n<div id=\"u1000_text\" class=\"text \"><\/div>\n<\/div>\n<\/div><\/section><br \/>\n\n<style type=\"text\/css\" data-created_by=\"avia_inline_auto\" id=\"style-css-av-kgs9k7cg-9042c9b662c1a6fba63ced032bf6e224\">\n#top .hr.hr-invisible.av-kgs9k7cg-9042c9b662c1a6fba63ced032bf6e224{\nheight:15px;\n}\n<\/style>\n<div  class='hr av-kgs9k7cg-9042c9b662c1a6fba63ced032bf6e224 hr-invisible  avia-builder-el-10  el_after_av_textblock  el_before_av_textblock '><span class='hr-inner '><span class=\"hr-inner-style\"><\/span><\/span><\/div><br \/>\n<section  class='av_textblock_section av-kgic8tc2-f929a36c5a299f587c6d690ed7cb1e56 '   itemscope=\"itemscope\" itemtype=\"https:\/\/schema.org\/CreativeWork\" ><div class='avia_textblock'  itemprop=\"text\" ><div id=\"u997\" class=\"ax_default paragraph\">\n<div id=\"u997_text\" class=\"text \"><\/div>\n<\/div>\n<div id=\"u998\" class=\"ax_default paragraph\">\n<div id=\"u998_text\" class=\"text \"><strong>Pour autres locations <\/strong><\/div>\n<div class=\"text \">Pour contacter nos bases, visitez notre page <a href=\"https:\/\/www.canadianhelicopters.com\/fr\/about-us\/emplacements\/\">Emplacements<\/a><\/div>\n<\/div>\n<div id=\"u999\" class=\"ax_default paragraph\">\n<div id=\"u999_text\" class=\"text \"><\/div>\n<\/div>\n<div class=\"\"><\/div>\n<div><\/div>\n<div id=\"u1000\" class=\"ax_default paragraph\">\n<div id=\"u1000_text\" class=\"text \"><\/div>\n<\/div>\n<\/div><\/section><\/p><\/div>\n\n<style type=\"text\/css\" data-created_by=\"avia_inline_auto\" id=\"style-css-av-kgiccfp0-84b8b8ac3a1bf79279468b5eb9582a79\">\n.flex_column.av-kgiccfp0-84b8b8ac3a1bf79279468b5eb9582a79{\nborder-width:2px;\nborder-color:#e51837;\nborder-style:solid;\nborder-radius:0px 0px 0px 0px;\npadding:5% 5% 5% 5%;\n}\n<\/style>\n<div  class='flex_column av-kgiccfp0-84b8b8ac3a1bf79279468b5eb9582a79 av_two_fifth  avia-builder-el-12  el_after_av_three_fifth  el_before_av_hr  flex_column_div av-hide-on-mobile  '     ><p>\n<style type=\"text\/css\" data-created_by=\"avia_inline_auto\" id=\"style-css-av-kgick1nw-8073aa48734139cc5cdf358b5483345c\">\n.avia-image-container.av-kgick1nw-8073aa48734139cc5cdf358b5483345c img.avia_image{\nbox-shadow:none;\n}\n.avia-image-container.av-kgick1nw-8073aa48734139cc5cdf358b5483345c .av-image-caption-overlay-center{\ncolor:#ffffff;\n}\n<\/style>\n<div  class='avia-image-container av-kgick1nw-8073aa48734139cc5cdf358b5483345c av-styling-no-styling avia-align-center  avia-builder-el-13  el_before_av_heading  avia-builder-el-first '   itemprop=\"image\" itemscope=\"itemscope\" itemtype=\"https:\/\/schema.org\/ImageObject\" ><div class=\"avia-image-container-inner\"><div class=\"avia-image-overlay-wrap\"><img decoding=\"async\" fetchpriority=\"high\" class='wp-image-2165 avia-img-lazy-loading-not-2165 avia_image ' src=\"https:\/\/www.canadianhelicopters.com\/wp-content\/uploads\/2012\/06\/careers-300x225.jpg\" alt='' title='careers'  height=\"225\" width=\"300\"  itemprop=\"thumbnailUrl\" srcset=\"https:\/\/www.canadianhelicopters.com\/wp-content\/uploads\/2012\/06\/careers-300x225.jpg 300w, https:\/\/www.canadianhelicopters.com\/wp-content\/uploads\/2012\/06\/careers.jpg 320w\" sizes=\"(max-width: 300px) 100vw, 300px\" \/><\/div><\/div><\/div><br \/>\n\n<style type=\"text\/css\" data-created_by=\"avia_inline_auto\" id=\"style-css-av-kqqs46j6-790eae588380e650fea389ff4d430572\">\n#top .av-special-heading.av-kqqs46j6-790eae588380e650fea389ff4d430572{\npadding-bottom:10px;\n}\nbody .av-special-heading.av-kqqs46j6-790eae588380e650fea389ff4d430572 .av-special-heading-tag .heading-char{\nfont-size:25px;\n}\n.av-special-heading.av-kqqs46j6-790eae588380e650fea389ff4d430572 .av-subheading{\nfont-size:15px;\n}\n<\/style>\n<div  class='av-special-heading av-kqqs46j6-790eae588380e650fea389ff4d430572 av-special-heading-h3  avia-builder-el-14  el_after_av_image  el_before_av_hr '><h3 class='av-special-heading-tag '  itemprop=\"headline\"  >Urgence 24 Heures <\/h3><div class=\"special-heading-border\"><div class=\"special-heading-inner-border\"><\/div><\/div><\/div><br \/>\n\n<style type=\"text\/css\" data-created_by=\"avia_inline_auto\" id=\"style-css-av-kgicmdyj-bd16ad0d243d4f2a7f358f272a4800a4\">\n#top .hr.hr-invisible.av-kgicmdyj-bd16ad0d243d4f2a7f358f272a4800a4{\nheight:30px;\n}\n<\/style>\n<div  class='hr av-kgicmdyj-bd16ad0d243d4f2a7f358f272a4800a4 hr-invisible  avia-builder-el-15  el_after_av_heading  el_before_av_textblock '><span class='hr-inner '><span class=\"hr-inner-style\"><\/span><\/span><\/div><br \/>\n<section  class='av_textblock_section av-kgicdkxy-cd2503ddb198e661218376a879aed004 '   itemscope=\"itemscope\" itemtype=\"https:\/\/schema.org\/CreativeWork\" ><div class='avia_textblock'  itemprop=\"text\" ><p>Est canadien<br \/>\n+1 450 452 3000<\/p>\n<p>Ouest canadien<br \/>\n+1 780 429 6900<\/p>\n<\/div><\/section><\/p><\/div>\n<style type=\"text\/css\" data-created_by=\"avia_inline_auto\" id=\"style-css-av-kgicmdyj-45685e002e5125930cfe301d1eabef78\">\n#top .hr.hr-invisible.av-kgicmdyj-45685e002e5125930cfe301d1eabef78{\nmargin-top:-50px;\nheight:1px;\n}\n<\/style>\n<div  class='hr av-kgicmdyj-45685e002e5125930cfe301d1eabef78 hr-invisible  avia-builder-el-17  el_after_av_two_fifth  el_before_av_one_full '><span class='hr-inner '><span class=\"hr-inner-style\"><\/span><\/span><\/div><\/p>\n\n<style type=\"text\/css\" data-created_by=\"avia_inline_auto\" id=\"style-css-av-kgiccfp0-e372b409e895ad4e45a204f651af33d3\">\n.flex_column.av-kgiccfp0-e372b409e895ad4e45a204f651af33d3{\nborder-radius:0px 0px 0px 0px;\npadding:0px 0px 0px 0px;\n}\n<\/style>\n<div  class='flex_column av-kgiccfp0-e372b409e895ad4e45a204f651af33d3 av_one_full  avia-builder-el-18  el_after_av_hr  avia-builder-el-last  first flex_column_div av-zero-column-padding  '     ><p>\n<style type=\"text\/css\" data-created_by=\"avia_inline_auto\" id=\"style-css-av-kgibuel5-133ed7d6779f705b4c82aae41108d9ab\">\n#top .hr.av-kgibuel5-133ed7d6779f705b4c82aae41108d9ab{\nmargin-top:30px;\nmargin-bottom:30px;\n}\n.hr.av-kgibuel5-133ed7d6779f705b4c82aae41108d9ab .hr-inner{\nwidth:75px;\nborder-color:#e51837;\n}\n<\/style>\n<div  class='hr av-kgibuel5-133ed7d6779f705b4c82aae41108d9ab hr-custom  avia-builder-el-19  el_before_av_image  avia-builder-el-first  av-desktop-hide av-medium-hide av-small-hide hr-left hr-icon-no'><span class='hr-inner inner-border-av-border-fat'><span class=\"hr-inner-style\"><\/span><\/span><\/div><br \/>\n\n<style type=\"text\/css\" data-created_by=\"avia_inline_auto\" id=\"style-css-av-kgick1nw-558f35dad17a0f72d94b573fc0b05d89\">\n.avia-image-container.av-kgick1nw-558f35dad17a0f72d94b573fc0b05d89 img.avia_image{\nbox-shadow:none;\n}\n.avia-image-container.av-kgick1nw-558f35dad17a0f72d94b573fc0b05d89 .av-image-caption-overlay-center{\ncolor:#ffffff;\n}\n<\/style>\n<div  class='avia-image-container av-kgick1nw-558f35dad17a0f72d94b573fc0b05d89 av-styling-no-styling avia-align-left  avia-builder-el-20  el_after_av_hr  el_before_av_hr  av-desktop-hide av-medium-hide av-small-hide'   itemprop=\"image\" itemscope=\"itemscope\" itemtype=\"https:\/\/schema.org\/ImageObject\" ><div class=\"avia-image-container-inner\"><div class=\"avia-image-overlay-wrap\"><img decoding=\"async\" fetchpriority=\"high\" class='wp-image-2165 avia-img-lazy-loading-not-2165 avia_image ' src=\"https:\/\/www.canadianhelicopters.com\/wp-content\/uploads\/2012\/06\/careers-300x225.jpg\" alt='' title='careers'  height=\"225\" width=\"300\"  itemprop=\"thumbnailUrl\" srcset=\"https:\/\/www.canadianhelicopters.com\/wp-content\/uploads\/2012\/06\/careers-300x225.jpg 300w, https:\/\/www.canadianhelicopters.com\/wp-content\/uploads\/2012\/06\/careers.jpg 320w\" sizes=\"(max-width: 300px) 100vw, 300px\" \/><\/div><\/div><\/div><br \/>\n\n<style type=\"text\/css\" data-created_by=\"avia_inline_auto\" id=\"style-css-av-kgicmdyj-bd16ad0d243d4f2a7f358f272a4800a4\">\n#top .hr.hr-invisible.av-kgicmdyj-bd16ad0d243d4f2a7f358f272a4800a4{\nheight:30px;\n}\n<\/style>\n<div  class='hr av-kgicmdyj-bd16ad0d243d4f2a7f358f272a4800a4 hr-invisible  avia-builder-el-21  el_after_av_image  el_before_av_heading '><span class='hr-inner '><span class=\"hr-inner-style\"><\/span><\/span><\/div><br \/>\n\n<style type=\"text\/css\" data-created_by=\"avia_inline_auto\" id=\"style-css-av-av_heading-2d2d19ec499e11e373a00e2420e16f37\">\n#top .av-special-heading.av-av_heading-2d2d19ec499e11e373a00e2420e16f37{\npadding-bottom:10px;\n}\nbody .av-special-heading.av-av_heading-2d2d19ec499e11e373a00e2420e16f37 .av-special-heading-tag .heading-char{\nfont-size:25px;\n}\n.av-special-heading.av-av_heading-2d2d19ec499e11e373a00e2420e16f37 .av-subheading{\nfont-size:15px;\n}\n<\/style>\n<div  class='av-special-heading av-av_heading-2d2d19ec499e11e373a00e2420e16f37 av-special-heading-h3  avia-builder-el-22  el_after_av_hr  el_before_av_textblock  av-desktop-hide av-medium-hide av-small-hide'><h3 class='av-special-heading-tag '  itemprop=\"headline\"  >Urgence 24 Heures <\/h3><div class=\"special-heading-border\"><div class=\"special-heading-inner-border\"><\/div><\/div><\/div><br \/>\n<section  class='av_textblock_section av-kgicdkxy-a42e5dfd5bce0619d31d2c946e9d5d16 '   itemscope=\"itemscope\" itemtype=\"https:\/\/schema.org\/CreativeWork\" ><div class='av-desktop-hide av-medium-hide av-small-hide avia_textblock'  itemprop=\"text\" ><p><br class=\"avia-permanent-lb\" \/>Est canadien<br \/>\n+1 450 452 3000<\/p>\n<p>Ouest canadien<br \/>\n+1 780 429 6900<\/p>\n<\/div><\/section><\/p><\/div>\n","protected":false},"excerpt":{"rendered":"","protected":false},"author":4,"featured_media":0,"parent":0,"menu_order":0,"comment_status":"closed","ping_status":"closed","template":"","meta":{"footnotes":""},"class_list":["post-3326","page","type-page","status-publish","hentry"],"yoast_head":"<!-- This site is optimized with the Yoast SEO plugin v27.5 - https:\/\/yoast.com\/product\/yoast-seo-wordpress\/ -->\n<title>Contact - Canadian Helicopters<\/title>\n<meta name=\"robots\" content=\"index, follow, max-snippet:-1, max-image-preview:large, max-video-preview:-1\" \/>\n<link rel=\"canonical\" href=\"https:\/\/www.canadianhelicopters.com\/fr\/contact\/\" \/>\n<meta property=\"og:locale\" content=\"fr_FR\" \/>\n<meta property=\"og:type\" content=\"article\" \/>\n<meta property=\"og:title\" content=\"Contact - Canadian Helicopters\" \/>\n<meta property=\"og:url\" content=\"https:\/\/www.canadianhelicopters.com\/fr\/contact\/\" \/>\n<meta property=\"og:site_name\" content=\"Canadian Helicopters\" \/>\n<meta property=\"article:modified_time\" content=\"2021-07-05T15:29:40+00:00\" \/>\n<meta name=\"twitter:card\" content=\"summary_large_image\" \/>\n<meta name=\"twitter:label1\" content=\"Dur\u00e9e de lecture estim\u00e9e\" \/>\n\t<meta name=\"twitter:data1\" content=\"9 minutes\" \/>\n<script type=\"application\/ld+json\" class=\"yoast-schema-graph\">{\"@context\":\"https:\\\/\\\/schema.org\",\"@graph\":[{\"@type\":\"WebPage\",\"@id\":\"https:\\\/\\\/www.canadianhelicopters.com\\\/fr\\\/contact\\\/\",\"url\":\"https:\\\/\\\/www.canadianhelicopters.com\\\/fr\\\/contact\\\/\",\"name\":\"Contact - Canadian Helicopters\",\"isPartOf\":{\"@id\":\"https:\\\/\\\/www.canadianhelicopters.com\\\/fr\\\/#website\"},\"datePublished\":\"2020-10-27T17:52:17+00:00\",\"dateModified\":\"2021-07-05T15:29:40+00:00\",\"breadcrumb\":{\"@id\":\"https:\\\/\\\/www.canadianhelicopters.com\\\/fr\\\/contact\\\/#breadcrumb\"},\"inLanguage\":\"fr-FR\",\"potentialAction\":[{\"@type\":\"ReadAction\",\"target\":[\"https:\\\/\\\/www.canadianhelicopters.com\\\/fr\\\/contact\\\/\"]}]},{\"@type\":\"BreadcrumbList\",\"@id\":\"https:\\\/\\\/www.canadianhelicopters.com\\\/fr\\\/contact\\\/#breadcrumb\",\"itemListElement\":[{\"@type\":\"ListItem\",\"position\":1,\"name\":\"Home\",\"item\":\"https:\\\/\\\/www.canadianhelicopters.com\\\/fr\\\/home\\\/\"},{\"@type\":\"ListItem\",\"position\":2,\"name\":\"Contact\"}]},{\"@type\":\"WebSite\",\"@id\":\"https:\\\/\\\/www.canadianhelicopters.com\\\/fr\\\/#website\",\"url\":\"https:\\\/\\\/www.canadianhelicopters.com\\\/fr\\\/\",\"name\":\"Canadian Helicopters\",\"description\":\"\",\"publisher\":{\"@id\":\"https:\\\/\\\/www.canadianhelicopters.com\\\/fr\\\/#organization\"},\"potentialAction\":[{\"@type\":\"SearchAction\",\"target\":{\"@type\":\"EntryPoint\",\"urlTemplate\":\"https:\\\/\\\/www.canadianhelicopters.com\\\/fr\\\/?s={search_term_string}\"},\"query-input\":{\"@type\":\"PropertyValueSpecification\",\"valueRequired\":true,\"valueName\":\"search_term_string\"}}],\"inLanguage\":\"fr-FR\"},{\"@type\":\"Organization\",\"@id\":\"https:\\\/\\\/www.canadianhelicopters.com\\\/fr\\\/#organization\",\"name\":\"Canadian Helicopters\",\"url\":\"https:\\\/\\\/www.canadianhelicopters.com\\\/fr\\\/\",\"logo\":{\"@type\":\"ImageObject\",\"inLanguage\":\"fr-FR\",\"@id\":\"https:\\\/\\\/www.canadianhelicopters.com\\\/fr\\\/#\\\/schema\\\/logo\\\/image\\\/\",\"url\":\"https:\\\/\\\/www.canadianhelicopters.com\\\/wp-content\\\/uploads\\\/2020\\\/10\\\/CH-logo-EN.png\",\"contentUrl\":\"https:\\\/\\\/www.canadianhelicopters.com\\\/wp-content\\\/uploads\\\/2020\\\/10\\\/CH-logo-EN.png\",\"width\":230,\"height\":129,\"caption\":\"Canadian Helicopters\"},\"image\":{\"@id\":\"https:\\\/\\\/www.canadianhelicopters.com\\\/fr\\\/#\\\/schema\\\/logo\\\/image\\\/\"}}]}<\/script>\n<!-- \/ Yoast SEO plugin. -->","yoast_head_json":{"title":"Contact - Canadian Helicopters","robots":{"index":"index","follow":"follow","max-snippet":"max-snippet:-1","max-image-preview":"max-image-preview:large","max-video-preview":"max-video-preview:-1"},"canonical":"https:\/\/www.canadianhelicopters.com\/fr\/contact\/","og_locale":"fr_FR","og_type":"article","og_title":"Contact - Canadian Helicopters","og_url":"https:\/\/www.canadianhelicopters.com\/fr\/contact\/","og_site_name":"Canadian Helicopters","article_modified_time":"2021-07-05T15:29:40+00:00","twitter_card":"summary_large_image","twitter_misc":{"Dur\u00e9e de lecture estim\u00e9e":"9 minutes"},"schema":{"@context":"https:\/\/schema.org","@graph":[{"@type":"WebPage","@id":"https:\/\/www.canadianhelicopters.com\/fr\/contact\/","url":"https:\/\/www.canadianhelicopters.com\/fr\/contact\/","name":"Contact - Canadian Helicopters","isPartOf":{"@id":"https:\/\/www.canadianhelicopters.com\/fr\/#website"},"datePublished":"2020-10-27T17:52:17+00:00","dateModified":"2021-07-05T15:29:40+00:00","breadcrumb":{"@id":"https:\/\/www.canadianhelicopters.com\/fr\/contact\/#breadcrumb"},"inLanguage":"fr-FR","potentialAction":[{"@type":"ReadAction","target":["https:\/\/www.canadianhelicopters.com\/fr\/contact\/"]}]},{"@type":"BreadcrumbList","@id":"https:\/\/www.canadianhelicopters.com\/fr\/contact\/#breadcrumb","itemListElement":[{"@type":"ListItem","position":1,"name":"Home","item":"https:\/\/www.canadianhelicopters.com\/fr\/home\/"},{"@type":"ListItem","position":2,"name":"Contact"}]},{"@type":"WebSite","@id":"https:\/\/www.canadianhelicopters.com\/fr\/#website","url":"https:\/\/www.canadianhelicopters.com\/fr\/","name":"Canadian Helicopters","description":"","publisher":{"@id":"https:\/\/www.canadianhelicopters.com\/fr\/#organization"},"potentialAction":[{"@type":"SearchAction","target":{"@type":"EntryPoint","urlTemplate":"https:\/\/www.canadianhelicopters.com\/fr\/?s={search_term_string}"},"query-input":{"@type":"PropertyValueSpecification","valueRequired":true,"valueName":"search_term_string"}}],"inLanguage":"fr-FR"},{"@type":"Organization","@id":"https:\/\/www.canadianhelicopters.com\/fr\/#organization","name":"Canadian Helicopters","url":"https:\/\/www.canadianhelicopters.com\/fr\/","logo":{"@type":"ImageObject","inLanguage":"fr-FR","@id":"https:\/\/www.canadianhelicopters.com\/fr\/#\/schema\/logo\/image\/","url":"https:\/\/www.canadianhelicopters.com\/wp-content\/uploads\/2020\/10\/CH-logo-EN.png","contentUrl":"https:\/\/www.canadianhelicopters.com\/wp-content\/uploads\/2020\/10\/CH-logo-EN.png","width":230,"height":129,"caption":"Canadian Helicopters"},"image":{"@id":"https:\/\/www.canadianhelicopters.com\/fr\/#\/schema\/logo\/image\/"}}]}},"_links":{"self":[{"href":"https:\/\/www.canadianhelicopters.com\/fr\/wp-json\/wp\/v2\/pages\/3326","targetHints":{"allow":["GET"]}}],"collection":[{"href":"https:\/\/www.canadianhelicopters.com\/fr\/wp-json\/wp\/v2\/pages"}],"about":[{"href":"https:\/\/www.canadianhelicopters.com\/fr\/wp-json\/wp\/v2\/types\/page"}],"author":[{"embeddable":true,"href":"https:\/\/www.canadianhelicopters.com\/fr\/wp-json\/wp\/v2\/users\/4"}],"replies":[{"embeddable":true,"href":"https:\/\/www.canadianhelicopters.com\/fr\/wp-json\/wp\/v2\/comments?post=3326"}],"version-history":[{"count":3,"href":"https:\/\/www.canadianhelicopters.com\/fr\/wp-json\/wp\/v2\/pages\/3326\/revisions"}],"predecessor-version":[{"id":4280,"href":"https:\/\/www.canadianhelicopters.com\/fr\/wp-json\/wp\/v2\/pages\/3326\/revisions\/4280"}],"wp:attachment":[{"href":"https:\/\/www.canadianhelicopters.com\/fr\/wp-json\/wp\/v2\/media?parent=3326"}],"curies":[{"name":"wp","href":"https:\/\/api.w.org\/{rel}","templated":true}]}}