{"id":3367,"date":"2020-10-27T14:41:19","date_gmt":"2020-10-27T18:41:19","guid":{"rendered":"https:\/\/dev.canadianhelicopters.com\/about-us\/"},"modified":"2021-01-12T11:35:26","modified_gmt":"2021-01-12T16:35:26","slug":"a-propos-de-nous","status":"publish","type":"page","link":"https:\/\/www.canadianhelicopters.com\/fr\/a-propos-de-nous\/","title":{"rendered":"\u00c0 propos de nous"},"content":{"rendered":"\n<style type=\"text\/css\" data-created_by=\"avia_inline_auto\" id=\"style-css-av-kgicl5wk-811bbb7cdc90135401b80afdcf24c4e3\">\n.avia-section.av-kgicl5wk-811bbb7cdc90135401b80afdcf24c4e3{\nbackground-repeat:no-repeat;\nbackground-image:url(https:\/\/www.canadianhelicopters.com\/wp-content\/uploads\/2020\/11\/Aboutus.jpg);\nbackground-position:50% 50%;\nbackground-attachment:scroll;\n}\n<\/style>\n<div id='av_section_1'  class='avia-section av-kgicl5wk-811bbb7cdc90135401b80afdcf24c4e3 main_color avia-section-default avia-no-border-styling  avia-builder-el-0  el_before_av_hr  avia-builder-el-first  avia-full-stretch avia-bg-style-scroll av-minimum-height av-minimum-height-35 av-height-percent  container_wrap sidebar_right'  data-section-bg-repeat='stretch' data-av_minimum_height_pc='35' data-av_min_height_opt='percent'><div class='container av-section-cont-open' ><main  role=\"main\" itemprop=\"mainContentOfPage\"  class='template-page content  av-content-small alpha units'><div class='post-entry post-entry-type-page post-entry-3367'><div class='entry-content-wrapper clearfix'><\/div><\/div><\/main><!-- close content main element --><\/div><\/div><div id='after_section_1'  class='main_color av_default_container_wrap container_wrap sidebar_right'  ><div class='container av-section-cont-open' ><div class='template-page content  av-content-small alpha units'><div class='post-entry post-entry-type-page post-entry-3367'><div class='entry-content-wrapper clearfix'>\n\n<style type=\"text\/css\" data-created_by=\"avia_inline_auto\" id=\"style-css-av-kgicufre-d8e0afda1b8385d2c5967a007567580f\">\n#top .hr.hr-invisible.av-kgicufre-d8e0afda1b8385d2c5967a007567580f{\nmargin-top:-50px;\nheight:1px;\n}\n<\/style>\n<div  class='hr av-kgicufre-d8e0afda1b8385d2c5967a007567580f hr-invisible  avia-builder-el-1  el_after_av_section  el_before_av_heading  avia-builder-el-first '><span class='hr-inner '><span class=\"hr-inner-style\"><\/span><\/span><\/div>\n\n<style type=\"text\/css\" data-created_by=\"avia_inline_auto\" id=\"style-css-av-2iso0t-aa5e80b776ed6daa808157dd4fda8a1a\">\n#top .av-special-heading.av-2iso0t-aa5e80b776ed6daa808157dd4fda8a1a{\npadding-bottom:10px;\n}\nbody .av-special-heading.av-2iso0t-aa5e80b776ed6daa808157dd4fda8a1a .av-special-heading-tag .heading-char{\nfont-size:25px;\n}\n.av-special-heading.av-2iso0t-aa5e80b776ed6daa808157dd4fda8a1a .av-subheading{\nfont-size:15px;\n}\n<\/style>\n<div  class='av-special-heading av-2iso0t-aa5e80b776ed6daa808157dd4fda8a1a av-special-heading-h1 blockquote modern-quote  avia-builder-el-2  el_after_av_hr  el_before_av_hr '><h1 class='av-special-heading-tag '  itemprop=\"headline\"  >\u00c0 propos de nous<\/h1><div class=\"special-heading-border\"><div class=\"special-heading-inner-border\"><\/div><\/div><\/div>\n\n<style type=\"text\/css\" data-created_by=\"avia_inline_auto\" id=\"style-css-av-kgicufre-d8e0afda1b8385d2c5967a007567580f\">\n#top .hr.hr-invisible.av-kgicufre-d8e0afda1b8385d2c5967a007567580f{\nmargin-top:-50px;\nheight:1px;\n}\n<\/style>\n<div  class='hr av-kgicufre-d8e0afda1b8385d2c5967a007567580f hr-invisible  avia-builder-el-3  el_after_av_heading  el_before_av_one_half '><span class='hr-inner '><span class=\"hr-inner-style\"><\/span><\/span><\/div>\n<div class='flex_column_table av-kgiclwql-3575bda97caa2b4fe6cb52c97ffa2b1e sc-av_one_half av-equal-height-column-flextable'>\n<style type=\"text\/css\" data-created_by=\"avia_inline_auto\" id=\"style-css-av-kgiclwql-3575bda97caa2b4fe6cb52c97ffa2b1e\">\n.flex_column.av-kgiclwql-3575bda97caa2b4fe6cb52c97ffa2b1e{\nborder-radius:0px 0px 0px 0px;\npadding:0px 0px 0px 0px;\n}\n<\/style>\n<div  class='flex_column av-kgiclwql-3575bda97caa2b4fe6cb52c97ffa2b1e av_one_half  avia-builder-el-4  el_after_av_hr  el_before_av_one_half  first flex_column_table_cell av-equal-height-column av-align-middle av-zero-column-padding  '     ><style type=\"text\/css\" data-created_by=\"avia_inline_auto\" id=\"style-css-av-kgic8tc2-2c011f51cdf826d1c07f64aa2932b3e4\">\n#top .av_textblock_section.av-kgic8tc2-2c011f51cdf826d1c07f64aa2932b3e4 .avia_textblock{\nfont-size:20px;\n}\n<\/style>\n<section  class='av_textblock_section av-kgic8tc2-2c011f51cdf826d1c07f64aa2932b3e4 '   itemscope=\"itemscope\" itemtype=\"https:\/\/schema.org\/CreativeWork\" ><div class='avia_textblock'  itemprop=\"text\" ><p>\u00c0 chaque niveau \u2014 dossier de s\u00e9curit\u00e9, rendement et exp\u00e9rience, H\u00e9licopt\u00e8res Canadiens est un chef de file dans le secteur des services par h\u00e9licopt\u00e8re.<\/p>\n<\/div><\/section><br \/>\n<section  class='av_textblock_section av-kgic8tc2-f929a36c5a299f587c6d690ed7cb1e56 '   itemscope=\"itemscope\" itemtype=\"https:\/\/schema.org\/CreativeWork\" ><div class='avia_textblock'  itemprop=\"text\" ><p>Nous sommes la plus importante soci\u00e9t\u00e9 de services de transport par h\u00e9licopt\u00e8re au Canada gr\u00e2ce \u00e0 un r\u00e9seau de 25 bases strat\u00e9giquement situ\u00e9es capable de fournir des op\u00e9rations dans chaque r\u00e9gion g\u00e9ographique du pays.<\/p>\n<\/div><\/section><\/p><\/div>\n<div class='av-flex-placeholder'><\/div>\n<style type=\"text\/css\" data-created_by=\"avia_inline_auto\" id=\"style-css-av-kgiccfp0-d65a97190f22624976129c3d95861efc\">\n.flex_column.av-kgiccfp0-d65a97190f22624976129c3d95861efc{\nborder-radius:0px 0px 0px 0px;\npadding:0 0 0 0;\n}\n<\/style>\n<div  class='flex_column av-kgiccfp0-d65a97190f22624976129c3d95861efc av_one_half  avia-builder-el-7  el_after_av_one_half  el_before_av_hr  flex_column_table_cell av-equal-height-column av-align-middle av-hide-on-mobile av-zero-column-padding  '     ><style type=\"text\/css\" data-created_by=\"avia_inline_auto\" id=\"style-css-av-kgick1nw-f1abdd800fad1bb588a9fd0be874d133\">\n.avia-image-container.av-kgick1nw-f1abdd800fad1bb588a9fd0be874d133 img.avia_image{\nbox-shadow:none;\n}\n.avia-image-container.av-kgick1nw-f1abdd800fad1bb588a9fd0be874d133 .av-image-caption-overlay-center{\ncolor:#ffffff;\n}\n<\/style>\n<div  class='avia-image-container av-kgick1nw-f1abdd800fad1bb588a9fd0be874d133 av-styling-no-styling avia-align-center  avia-builder-el-8  avia-builder-el-no-sibling '   itemprop=\"image\" itemscope=\"itemscope\" itemtype=\"https:\/\/schema.org\/ImageObject\" ><div class=\"avia-image-container-inner\"><div class=\"avia-image-overlay-wrap\"><img decoding=\"async\" fetchpriority=\"high\" class='wp-image-3071 avia-img-lazy-loading-not-3071 avia_image ' src=\"https:\/\/www.canadianhelicopters.com\/wp-content\/uploads\/2020\/11\/About-Us-2a-1030x773.jpg\" alt='' title='About Us-2a'  height=\"773\" width=\"1030\"  itemprop=\"thumbnailUrl\" srcset=\"https:\/\/www.canadianhelicopters.com\/wp-content\/uploads\/2020\/11\/About-Us-2a-1030x773.jpg 1030w, https:\/\/www.canadianhelicopters.com\/wp-content\/uploads\/2020\/11\/About-Us-2a-300x225.jpg 300w, https:\/\/www.canadianhelicopters.com\/wp-content\/uploads\/2020\/11\/About-Us-2a-768x576.jpg 768w, https:\/\/www.canadianhelicopters.com\/wp-content\/uploads\/2020\/11\/About-Us-2a-1536x1152.jpg 1536w, https:\/\/www.canadianhelicopters.com\/wp-content\/uploads\/2020\/11\/About-Us-2a-1500x1125.jpg 1500w, https:\/\/www.canadianhelicopters.com\/wp-content\/uploads\/2020\/11\/About-Us-2a-705x529.jpg 705w, https:\/\/www.canadianhelicopters.com\/wp-content\/uploads\/2020\/11\/About-Us-2a.jpg 1632w\" sizes=\"(max-width: 1030px) 100vw, 1030px\" \/><\/div><\/div><\/div><\/div><\/div><!--close column table wrapper. Autoclose: 1 -->\n\n<style type=\"text\/css\" data-created_by=\"avia_inline_auto\" id=\"style-css-av-kgicmdyj-45685e002e5125930cfe301d1eabef78\">\n#top .hr.hr-invisible.av-kgicmdyj-45685e002e5125930cfe301d1eabef78{\nmargin-top:-50px;\nheight:1px;\n}\n<\/style>\n<div  class='hr av-kgicmdyj-45685e002e5125930cfe301d1eabef78 hr-invisible  avia-builder-el-9  el_after_av_one_half  el_before_av_one_full '><span class='hr-inner '><span class=\"hr-inner-style\"><\/span><\/span><\/div>\n<div class='flex_column_table av-kgiclwql-405ae7020999d3fb72dd7ac194467207 sc-av_one_full av-equal-height-column-flextable'>\n<style type=\"text\/css\" data-created_by=\"avia_inline_auto\" id=\"style-css-av-kgiclwql-405ae7020999d3fb72dd7ac194467207\">\n.flex_column.av-kgiclwql-405ae7020999d3fb72dd7ac194467207{\nborder-radius:0px 0px 0px 0px;\npadding:0px 0px 0px 0px;\n}\n<\/style>\n<div  class='flex_column av-kgiclwql-405ae7020999d3fb72dd7ac194467207 av_one_full  avia-builder-el-10  el_after_av_hr  el_before_av_hr  first flex_column_table_cell av-equal-height-column av-align-top av-zero-column-padding  '     ><section  class='av_textblock_section av-kgic8tc2-f929a36c5a299f587c6d690ed7cb1e56 '   itemscope=\"itemscope\" itemtype=\"https:\/\/schema.org\/CreativeWork\" ><div class='avia_textblock'  itemprop=\"text\" ><p>Nous fournissons des services de transport par h\u00e9licopt\u00e8re \u00e0 une gamme diverse de clients, notamment dans les domaines du p\u00e9trole et du gaz, du soutien militaire, de l\u2019exploration min\u00e9rale, de l\u2019hydro\u00e9lectricit\u00e9, de la gestion foresti\u00e8re, de la construction, des services d\u2019ambulances a\u00e9riennes ainsi que de la recherche et du sauvetage. Nous offrons \u00e9galement du soutien par h\u00e9licopt\u00e8re \u00e0 l\u2019\u00e9chelle internationale aux clients militaires.<\/p>\n<p>H\u00e9licopt\u00e8res Canadiens exploite plus de 90 h\u00e9licopt\u00e8res l\u00e9gers, moyens et de transport lourd et a le droit d\u2019effectuer des vols \u00e0 vue (VFR) et des vols aux instruments (IFR).En plus des services d\u2019affr\u00e8tement, nous offrons des services avanc\u00e9s de formation de pilotage et de r\u00e9paration et d\u2019entretien d\u2019h\u00e9licopt\u00e8res.<\/p>\n<\/div><\/section><\/div><\/div><!--close column table wrapper. Autoclose: 1 -->\n\n<style type=\"text\/css\" data-created_by=\"avia_inline_auto\" id=\"style-css-av-kgicmdyj-bd16ad0d243d4f2a7f358f272a4800a4\">\n#top .hr.hr-invisible.av-kgicmdyj-bd16ad0d243d4f2a7f358f272a4800a4{\nheight:30px;\n}\n<\/style>\n<div  class='hr av-kgicmdyj-bd16ad0d243d4f2a7f358f272a4800a4 hr-invisible  avia-builder-el-12  el_after_av_one_full  el_before_av_one_half '><span class='hr-inner '><span class=\"hr-inner-style\"><\/span><\/span><\/div>\n<div class='flex_column_table av-kgsb9gui-49d49a19f6ebff70fa6cf4ec46ff35cd sc-av_one_half av-equal-height-column-flextable'>\n<style type=\"text\/css\" data-created_by=\"avia_inline_auto\" id=\"style-css-av-kgsb9gui-49d49a19f6ebff70fa6cf4ec46ff35cd\">\n.flex_column.av-kgsb9gui-49d49a19f6ebff70fa6cf4ec46ff35cd{\nborder-radius:0px 0px 0px 0px;\npadding:0px 0px 0px 0px;\n}\n<\/style>\n<div  class='flex_column av-kgsb9gui-49d49a19f6ebff70fa6cf4ec46ff35cd av_one_half  avia-builder-el-13  el_after_av_hr  el_before_av_one_half  first flex_column_table_cell av-equal-height-column av-align-middle av-zero-column-padding  '     ><style type=\"text\/css\" data-created_by=\"avia_inline_auto\" id=\"style-css-av-kgsb9bn7-8a0f51b5cf7eb2f86f8200ae2320761b\">\n.avia-image-container.av-kgsb9bn7-8a0f51b5cf7eb2f86f8200ae2320761b img.avia_image{\nbox-shadow:none;\n}\n.avia-image-container.av-kgsb9bn7-8a0f51b5cf7eb2f86f8200ae2320761b .av-image-caption-overlay-center{\ncolor:#ffffff;\n}\n<\/style>\n<div  class='avia-image-container av-kgsb9bn7-8a0f51b5cf7eb2f86f8200ae2320761b av-styling- avia-align-center  avia-builder-el-14  avia-builder-el-no-sibling '   itemprop=\"image\" itemscope=\"itemscope\" itemtype=\"https:\/\/schema.org\/ImageObject\" ><div class=\"avia-image-container-inner\"><div class=\"avia-image-overlay-wrap\"><img decoding=\"async\" fetchpriority=\"high\" class='wp-image-2221 avia-img-lazy-loading-not-2221 avia_image ' src=\"https:\/\/www.canadianhelicopters.com\/wp-content\/uploads\/2012\/06\/78S.gif\" alt='' title='78S'  height=\"320\" width=\"420\"  itemprop=\"thumbnailUrl\" srcset=\"https:\/\/www.canadianhelicopters.com\/wp-content\/uploads\/2012\/06\/78S.gif 420w, https:\/\/www.canadianhelicopters.com\/wp-content\/uploads\/2012\/06\/78S-300x228.gif 300w\" sizes=\"(max-width: 420px) 100vw, 420px\" \/><\/div><\/div><\/div><\/div>\n<div class='av-flex-placeholder'><\/div>\n<style type=\"text\/css\" data-created_by=\"avia_inline_auto\" id=\"style-css-av-2d0rgd-ecbdbd59493b437d619783da39d6c3b8\">\n.flex_column.av-2d0rgd-ecbdbd59493b437d619783da39d6c3b8{\nborder-radius:0px 0px 0px 0px;\npadding:0px 0px 0px 0px;\n}\n<\/style>\n<div  class='flex_column av-2d0rgd-ecbdbd59493b437d619783da39d6c3b8 av_one_half  avia-builder-el-15  el_after_av_one_half  el_before_av_hr  flex_column_table_cell av-equal-height-column av-align-middle av-zero-column-padding  '     ><p>\n<style type=\"text\/css\" data-created_by=\"avia_inline_auto\" id=\"style-css-av-2ovi3x-4c5fcf30a2216f0c994e886d60c4c871\">\n#top .av-special-heading.av-2ovi3x-4c5fcf30a2216f0c994e886d60c4c871{\npadding-bottom:10px;\n}\nbody .av-special-heading.av-2ovi3x-4c5fcf30a2216f0c994e886d60c4c871 .av-special-heading-tag .heading-char{\nfont-size:25px;\n}\n.av-special-heading.av-2ovi3x-4c5fcf30a2216f0c994e886d60c4c871 .av-subheading{\nfont-size:15px;\n}\n<\/style>\n<div  class='av-special-heading av-2ovi3x-4c5fcf30a2216f0c994e886d60c4c871 av-special-heading-h1  avia-builder-el-16  el_before_av_hr  avia-builder-el-first '><h1 class='av-special-heading-tag '  itemprop=\"headline\"  >Historique<\/h1><div class=\"special-heading-border\"><div class=\"special-heading-inner-border\"><\/div><\/div><\/div><br \/>\n\n<style type=\"text\/css\" data-created_by=\"avia_inline_auto\" id=\"style-css-av-kgsba27c-6e5280d9687234274c6c2ef4cc55867b\">\n#top .hr.hr-invisible.av-kgsba27c-6e5280d9687234274c6c2ef4cc55867b{\nheight:15px;\n}\n<\/style>\n<div  class='hr av-kgsba27c-6e5280d9687234274c6c2ef4cc55867b hr-invisible  avia-builder-el-17  el_after_av_heading  el_before_av_button '><span class='hr-inner '><span class=\"hr-inner-style\"><\/span><\/span><\/div><br \/>\n<div  class='avia-button-wrap av-kgsb8xwp-1d07196fe99b9f3785d5afcd140de229-wrap avia-button-left  avia-builder-el-18  el_after_av_hr  avia-builder-el-last '><a href='https:\/\/www.canadianhelicopters.com\/fr\/about-us\/our-history\/'  class='avia-button av-kgsb8xwp-1d07196fe99b9f3785d5afcd140de229 av-link-btn avia-icon_select-no avia-size-small avia-position-left avia-color-theme-color'   aria-label=\"Apprenez \u00e0 conna\u00eetre notre histoire\"><span class='avia_iconbox_title' >Apprenez \u00e0 conna\u00eetre notre histoire<\/span><\/a><\/div><\/p><\/div><\/div><!--close column table wrapper. Autoclose: 1 -->\n\n<style type=\"text\/css\" data-created_by=\"avia_inline_auto\" id=\"style-css-av-kgicmdyj-bd16ad0d243d4f2a7f358f272a4800a4\">\n#top .hr.hr-invisible.av-kgicmdyj-bd16ad0d243d4f2a7f358f272a4800a4{\nheight:30px;\n}\n<\/style>\n<div  class='hr av-kgicmdyj-bd16ad0d243d4f2a7f358f272a4800a4 hr-invisible  avia-builder-el-19  el_after_av_one_half  avia-builder-el-last '><span class='hr-inner '><span class=\"hr-inner-style\"><\/span><\/span><\/div>\n","protected":false},"excerpt":{"rendered":"","protected":false},"author":4,"featured_media":0,"parent":0,"menu_order":0,"comment_status":"closed","ping_status":"closed","template":"","meta":{"footnotes":""},"class_list":["post-3367","page","type-page","status-publish","hentry"],"yoast_head":"<!-- This site is optimized with the Yoast SEO plugin v27.4 - https:\/\/yoast.com\/product\/yoast-seo-wordpress\/ -->\n<title>\u00c0 propos de nous - Canadian Helicopters<\/title>\n<meta name=\"robots\" content=\"index, follow, max-snippet:-1, max-image-preview:large, max-video-preview:-1\" \/>\n<link rel=\"canonical\" href=\"https:\/\/www.canadianhelicopters.com\/fr\/a-propos-de-nous\/\" \/>\n<meta property=\"og:locale\" content=\"fr_FR\" \/>\n<meta property=\"og:type\" content=\"article\" \/>\n<meta property=\"og:title\" content=\"\u00c0 propos de nous - Canadian Helicopters\" \/>\n<meta property=\"og:url\" content=\"https:\/\/www.canadianhelicopters.com\/fr\/a-propos-de-nous\/\" \/>\n<meta property=\"og:site_name\" content=\"Canadian Helicopters\" \/>\n<meta property=\"article:modified_time\" content=\"2021-01-12T16:35:26+00:00\" \/>\n<meta name=\"twitter:card\" content=\"summary_large_image\" \/>\n<meta name=\"twitter:label1\" content=\"Dur\u00e9e de lecture estim\u00e9e\" \/>\n\t<meta name=\"twitter:data1\" content=\"9 minutes\" \/>\n<script type=\"application\/ld+json\" class=\"yoast-schema-graph\">{\"@context\":\"https:\\\/\\\/schema.org\",\"@graph\":[{\"@type\":\"WebPage\",\"@id\":\"https:\\\/\\\/www.canadianhelicopters.com\\\/fr\\\/a-propos-de-nous\\\/\",\"url\":\"https:\\\/\\\/www.canadianhelicopters.com\\\/fr\\\/a-propos-de-nous\\\/\",\"name\":\"\u00c0 propos de nous - Canadian Helicopters\",\"isPartOf\":{\"@id\":\"https:\\\/\\\/www.canadianhelicopters.com\\\/fr\\\/#website\"},\"datePublished\":\"2020-10-27T18:41:19+00:00\",\"dateModified\":\"2021-01-12T16:35:26+00:00\",\"breadcrumb\":{\"@id\":\"https:\\\/\\\/www.canadianhelicopters.com\\\/fr\\\/a-propos-de-nous\\\/#breadcrumb\"},\"inLanguage\":\"fr-FR\",\"potentialAction\":[{\"@type\":\"ReadAction\",\"target\":[\"https:\\\/\\\/www.canadianhelicopters.com\\\/fr\\\/a-propos-de-nous\\\/\"]}]},{\"@type\":\"BreadcrumbList\",\"@id\":\"https:\\\/\\\/www.canadianhelicopters.com\\\/fr\\\/a-propos-de-nous\\\/#breadcrumb\",\"itemListElement\":[{\"@type\":\"ListItem\",\"position\":1,\"name\":\"Home\",\"item\":\"https:\\\/\\\/www.canadianhelicopters.com\\\/fr\\\/home\\\/\"},{\"@type\":\"ListItem\",\"position\":2,\"name\":\"\u00c0 propos de nous\"}]},{\"@type\":\"WebSite\",\"@id\":\"https:\\\/\\\/www.canadianhelicopters.com\\\/fr\\\/#website\",\"url\":\"https:\\\/\\\/www.canadianhelicopters.com\\\/fr\\\/\",\"name\":\"Canadian Helicopters\",\"description\":\"\",\"publisher\":{\"@id\":\"https:\\\/\\\/www.canadianhelicopters.com\\\/fr\\\/#organization\"},\"potentialAction\":[{\"@type\":\"SearchAction\",\"target\":{\"@type\":\"EntryPoint\",\"urlTemplate\":\"https:\\\/\\\/www.canadianhelicopters.com\\\/fr\\\/?s={search_term_string}\"},\"query-input\":{\"@type\":\"PropertyValueSpecification\",\"valueRequired\":true,\"valueName\":\"search_term_string\"}}],\"inLanguage\":\"fr-FR\"},{\"@type\":\"Organization\",\"@id\":\"https:\\\/\\\/www.canadianhelicopters.com\\\/fr\\\/#organization\",\"name\":\"Canadian Helicopters\",\"url\":\"https:\\\/\\\/www.canadianhelicopters.com\\\/fr\\\/\",\"logo\":{\"@type\":\"ImageObject\",\"inLanguage\":\"fr-FR\",\"@id\":\"https:\\\/\\\/www.canadianhelicopters.com\\\/fr\\\/#\\\/schema\\\/logo\\\/image\\\/\",\"url\":\"https:\\\/\\\/www.canadianhelicopters.com\\\/wp-content\\\/uploads\\\/2020\\\/10\\\/CH-logo-EN.png\",\"contentUrl\":\"https:\\\/\\\/www.canadianhelicopters.com\\\/wp-content\\\/uploads\\\/2020\\\/10\\\/CH-logo-EN.png\",\"width\":230,\"height\":129,\"caption\":\"Canadian Helicopters\"},\"image\":{\"@id\":\"https:\\\/\\\/www.canadianhelicopters.com\\\/fr\\\/#\\\/schema\\\/logo\\\/image\\\/\"}}]}<\/script>\n<!-- \/ Yoast SEO plugin. -->","yoast_head_json":{"title":"\u00c0 propos de nous - Canadian Helicopters","robots":{"index":"index","follow":"follow","max-snippet":"max-snippet:-1","max-image-preview":"max-image-preview:large","max-video-preview":"max-video-preview:-1"},"canonical":"https:\/\/www.canadianhelicopters.com\/fr\/a-propos-de-nous\/","og_locale":"fr_FR","og_type":"article","og_title":"\u00c0 propos de nous - Canadian Helicopters","og_url":"https:\/\/www.canadianhelicopters.com\/fr\/a-propos-de-nous\/","og_site_name":"Canadian Helicopters","article_modified_time":"2021-01-12T16:35:26+00:00","twitter_card":"summary_large_image","twitter_misc":{"Dur\u00e9e de lecture estim\u00e9e":"9 minutes"},"schema":{"@context":"https:\/\/schema.org","@graph":[{"@type":"WebPage","@id":"https:\/\/www.canadianhelicopters.com\/fr\/a-propos-de-nous\/","url":"https:\/\/www.canadianhelicopters.com\/fr\/a-propos-de-nous\/","name":"\u00c0 propos de nous - Canadian Helicopters","isPartOf":{"@id":"https:\/\/www.canadianhelicopters.com\/fr\/#website"},"datePublished":"2020-10-27T18:41:19+00:00","dateModified":"2021-01-12T16:35:26+00:00","breadcrumb":{"@id":"https:\/\/www.canadianhelicopters.com\/fr\/a-propos-de-nous\/#breadcrumb"},"inLanguage":"fr-FR","potentialAction":[{"@type":"ReadAction","target":["https:\/\/www.canadianhelicopters.com\/fr\/a-propos-de-nous\/"]}]},{"@type":"BreadcrumbList","@id":"https:\/\/www.canadianhelicopters.com\/fr\/a-propos-de-nous\/#breadcrumb","itemListElement":[{"@type":"ListItem","position":1,"name":"Home","item":"https:\/\/www.canadianhelicopters.com\/fr\/home\/"},{"@type":"ListItem","position":2,"name":"\u00c0 propos de nous"}]},{"@type":"WebSite","@id":"https:\/\/www.canadianhelicopters.com\/fr\/#website","url":"https:\/\/www.canadianhelicopters.com\/fr\/","name":"Canadian Helicopters","description":"","publisher":{"@id":"https:\/\/www.canadianhelicopters.com\/fr\/#organization"},"potentialAction":[{"@type":"SearchAction","target":{"@type":"EntryPoint","urlTemplate":"https:\/\/www.canadianhelicopters.com\/fr\/?s={search_term_string}"},"query-input":{"@type":"PropertyValueSpecification","valueRequired":true,"valueName":"search_term_string"}}],"inLanguage":"fr-FR"},{"@type":"Organization","@id":"https:\/\/www.canadianhelicopters.com\/fr\/#organization","name":"Canadian Helicopters","url":"https:\/\/www.canadianhelicopters.com\/fr\/","logo":{"@type":"ImageObject","inLanguage":"fr-FR","@id":"https:\/\/www.canadianhelicopters.com\/fr\/#\/schema\/logo\/image\/","url":"https:\/\/www.canadianhelicopters.com\/wp-content\/uploads\/2020\/10\/CH-logo-EN.png","contentUrl":"https:\/\/www.canadianhelicopters.com\/wp-content\/uploads\/2020\/10\/CH-logo-EN.png","width":230,"height":129,"caption":"Canadian Helicopters"},"image":{"@id":"https:\/\/www.canadianhelicopters.com\/fr\/#\/schema\/logo\/image\/"}}]}},"_links":{"self":[{"href":"https:\/\/www.canadianhelicopters.com\/fr\/wp-json\/wp\/v2\/pages\/3367","targetHints":{"allow":["GET"]}}],"collection":[{"href":"https:\/\/www.canadianhelicopters.com\/fr\/wp-json\/wp\/v2\/pages"}],"about":[{"href":"https:\/\/www.canadianhelicopters.com\/fr\/wp-json\/wp\/v2\/types\/page"}],"author":[{"embeddable":true,"href":"https:\/\/www.canadianhelicopters.com\/fr\/wp-json\/wp\/v2\/users\/4"}],"replies":[{"embeddable":true,"href":"https:\/\/www.canadianhelicopters.com\/fr\/wp-json\/wp\/v2\/comments?post=3367"}],"version-history":[{"count":0,"href":"https:\/\/www.canadianhelicopters.com\/fr\/wp-json\/wp\/v2\/pages\/3367\/revisions"}],"wp:attachment":[{"href":"https:\/\/www.canadianhelicopters.com\/fr\/wp-json\/wp\/v2\/media?parent=3367"}],"curies":[{"name":"wp","href":"https:\/\/api.w.org\/{rel}","templated":true}]}}