{"id":3497,"date":"2020-12-01T11:29:54","date_gmt":"2020-12-01T16:29:54","guid":{"rendered":"https:\/\/dev.canadianhelicopters.com\/formation-a-la-maintenance\/"},"modified":"2026-01-14T09:50:26","modified_gmt":"2026-01-14T14:50:26","slug":"formation-a-la-maintenance","status":"publish","type":"page","link":"https:\/\/www.canadianhelicopters.com\/fr\/formation-a-la-maintenance\/","title":{"rendered":"Formation de maintenance"},"content":{"rendered":"\n<style type=\"text\/css\" data-created_by=\"avia_inline_auto\" id=\"style-css-av-kgicl5wk-cc01aba227f7d7283627ab08e126c2e6\">\n.avia-section.av-kgicl5wk-cc01aba227f7d7283627ab08e126c2e6{\nbackground-repeat:no-repeat;\nbackground-image:url(https:\/\/www.canadianhelicopters.com\/wp-content\/uploads\/2020\/12\/Maintenancetraining-2.jpg);\nbackground-position:50% 50%;\nbackground-attachment:scroll;\n}\n<\/style>\n<div id='av_section_1'  class='avia-section av-kgicl5wk-cc01aba227f7d7283627ab08e126c2e6 main_color avia-section-default avia-no-border-styling  avia-builder-el-0  el_before_av_hr  avia-builder-el-first  avia-full-stretch avia-bg-style-scroll av-minimum-height av-minimum-height-35 av-height-percent  container_wrap sidebar_right'  data-section-bg-repeat='stretch' data-av_minimum_height_pc='35' data-av_min_height_opt='percent'><div class='container av-section-cont-open' ><main  role=\"main\" itemprop=\"mainContentOfPage\"  class='template-page content  av-content-small alpha units'><div class='post-entry post-entry-type-page post-entry-3497'><div class='entry-content-wrapper clearfix'><\/div><\/div><\/main><!-- close content main element --><\/div><\/div><div id='after_section_1'  class='main_color av_default_container_wrap container_wrap sidebar_right'  ><div class='container av-section-cont-open' ><div class='template-page content  av-content-small alpha units'><div class='post-entry post-entry-type-page post-entry-3497'><div class='entry-content-wrapper clearfix'>\n\n<style type=\"text\/css\" data-created_by=\"avia_inline_auto\" id=\"style-css-av-kgicufre-d8e0afda1b8385d2c5967a007567580f\">\n#top .hr.hr-invisible.av-kgicufre-d8e0afda1b8385d2c5967a007567580f{\nmargin-top:-50px;\nheight:1px;\n}\n<\/style>\n<div  class='hr av-kgicufre-d8e0afda1b8385d2c5967a007567580f hr-invisible  avia-builder-el-1  el_after_av_section  el_before_av_three_fifth  avia-builder-el-first '><span class='hr-inner '><span class=\"hr-inner-style\"><\/span><\/span><\/div>\n<div class='flex_column_table av-kgiclwql-405ae7020999d3fb72dd7ac194467207 sc-av_three_fifth av-equal-height-column-flextable'>\n<style type=\"text\/css\" data-created_by=\"avia_inline_auto\" id=\"style-css-av-kgiclwql-405ae7020999d3fb72dd7ac194467207\">\n.flex_column.av-kgiclwql-405ae7020999d3fb72dd7ac194467207{\nborder-radius:0px 0px 0px 0px;\npadding:0px 0px 0px 0px;\n}\n<\/style>\n<div  class='flex_column av-kgiclwql-405ae7020999d3fb72dd7ac194467207 av_three_fifth  avia-builder-el-2  el_after_av_hr  el_before_av_two_fifth  first flex_column_table_cell av-equal-height-column av-align-top av-zero-column-padding  '     ><p>\n<style type=\"text\/css\" data-created_by=\"avia_inline_auto\" id=\"style-css-av-kgjtgj4n-1d1a737c3f242d07a26f0e4505095c90\">\n#top .av-special-heading.av-kgjtgj4n-1d1a737c3f242d07a26f0e4505095c90{\npadding-bottom:10px;\n}\nbody .av-special-heading.av-kgjtgj4n-1d1a737c3f242d07a26f0e4505095c90 .av-special-heading-tag .heading-char{\nfont-size:25px;\n}\n.av-special-heading.av-kgjtgj4n-1d1a737c3f242d07a26f0e4505095c90 .av-subheading{\nfont-size:15px;\n}\n<\/style>\n<div  class='av-special-heading av-kgjtgj4n-1d1a737c3f242d07a26f0e4505095c90 av-special-heading-h1 blockquote modern-quote  avia-builder-el-3  el_before_av_textblock  avia-builder-el-first '><div class='av-subheading av-subheading_above'><p>Services<\/p>\n<\/div><h1 class='av-special-heading-tag '  itemprop=\"headline\"  >Formation de maintenance<\/h1><div class=\"special-heading-border\"><div class=\"special-heading-inner-border\"><\/div><\/div><\/div><br \/>\n\n<style type=\"text\/css\" data-created_by=\"avia_inline_auto\" id=\"style-css-av-kgic8tc2-f1f6017ea999e4da6f8660cc964a8038\">\n#top .av_textblock_section.av-kgic8tc2-f1f6017ea999e4da6f8660cc964a8038 .avia_textblock{\nfont-size:20px;\n}\n<\/style>\n<section  class='av_textblock_section av-kgic8tc2-f1f6017ea999e4da6f8660cc964a8038 '   itemscope=\"itemscope\" itemtype=\"https:\/\/schema.org\/CreativeWork\" ><div class='avia_textblock'  itemprop=\"text\" ><p>H\u00e9licopt\u00e8res Canadiens est un organisme de formation agr\u00e9\u00e9 (ATO) par Transports Canada offrant des formations sur les types de fuselages et de moteurs suivants :<\/p>\n<ul>\n<li>Diff\u00e9rences entre les fuselages des Airbus AS350 et AS355N<\/li>\n<li>Cours type du fuselage Airbus AS350B2<\/li>\n<li>Cours Type du fuselage Airbus AS350B3<\/li>\n<li>Diff\u00e9rences entre les fuselages Airbus AS350 et AS350B3<\/li>\n<li>Cours Type du fuselage Bell s\u00e9rie 412<\/li>\n<li>Cours Type du moteur Rolls Royce s\u00e9rie M250C20B<\/li>\n<li>Cours Type du moteur Pratt &amp; Whitney Canada S\u00e9rie PT6T-3\/6<\/li>\n<\/ul>\n<\/div><\/section><br \/>\n<section  class='av_textblock_section av-kgic8tc2-8243bd65105189063451b1c37f54a758 '   itemscope=\"itemscope\" itemtype=\"https:\/\/schema.org\/CreativeWork\" ><div class='avia_textblock'  itemprop=\"text\" ><p>Veuillez noter:<\/p>\n<ul>\n<li>L\u2019inscription au cours est sujette \u00e0 un d\u00e9p\u00f4t ou \u00e0 un bon de commande valide et \u00e0 une demande valid\u00e9e;<\/li>\n<li>Le prix est assujetti \u00e0 des facteurs incluant, mais sans s\u2019y limiter, l\u2019inscription et la taille de la classe, les dates de disponibilit\u00e9 et les dates \u00e0 la demande;<\/li>\n<li>Nos cours se d\u00e9roulent au d\u00e9but de l\u2019ann\u00e9e civile, mais peuvent \u00eatre personnalis\u00e9s pour des inscriptions suppl\u00e9mentaires;<\/li>\n<li>H\u00e9licopt\u00e8res Canadiens Limit\u00e9e offrira des cours au besoin et se r\u00e9serve le droit d\u2019ajouter des cours suppl\u00e9mentaires au cour d\u2019une ann\u00e9e civile ou d\u2019en annuler, faute d\u2019inscriptions insuffisantes;<\/li>\n<li>Des rabais peuvent s\u2019appliquer st sont \u00e9valu\u00e9s selon les situations;<\/li>\n<li>Les cours actuels sont offerts en anglais (CAD) et peuvent \u00eatre dispens\u00e9s dans d\u2019autres langues s\u2019il y a une forte demande.<\/li>\n<\/ul>\n<\/div><\/section><\/p><\/div><div class='av-flex-placeholder'><\/div>\n<style type=\"text\/css\" data-created_by=\"avia_inline_auto\" id=\"style-css-av-kgiccfp0-84b8b8ac3a1bf79279468b5eb9582a79\">\n.flex_column.av-kgiccfp0-84b8b8ac3a1bf79279468b5eb9582a79{\nborder-width:2px;\nborder-color:#e51837;\nborder-style:solid;\nborder-radius:0px 0px 0px 0px;\npadding:5% 5% 5% 5%;\n}\n<\/style>\n<div  class='flex_column av-kgiccfp0-84b8b8ac3a1bf79279468b5eb9582a79 av_two_fifth  avia-builder-el-6  el_after_av_three_fifth  el_before_av_hr  flex_column_table_cell av-equal-height-column av-align-top av-hide-on-mobile  '     ><p>\n<style type=\"text\/css\" data-created_by=\"avia_inline_auto\" id=\"style-css-av-kgick1nw-52a59f482feced0778802b321e148035\">\n.avia-image-container.av-kgick1nw-52a59f482feced0778802b321e148035 img.avia_image{\nbox-shadow:none;\n}\n.avia-image-container.av-kgick1nw-52a59f482feced0778802b321e148035 .av-image-caption-overlay-center{\ncolor:#ffffff;\n}\n<\/style>\n<div  class='avia-image-container av-kgick1nw-52a59f482feced0778802b321e148035 av-styling-no-styling avia-align-center  avia-builder-el-7  el_before_av_heading  avia-builder-el-first '   itemprop=\"image\" itemscope=\"itemscope\" itemtype=\"https:\/\/schema.org\/ImageObject\" ><div class=\"avia-image-container-inner\"><div class=\"avia-image-overlay-wrap\"><img decoding=\"async\" fetchpriority=\"high\" class='wp-image-2191 avia-img-lazy-loading-not-2191 avia_image ' src=\"https:\/\/www.canadianhelicopters.com\/wp-content\/uploads\/2012\/06\/maintenancesupport1.jpg\" alt='' title='maintenancesupport'  height=\"121\" width=\"190\"  itemprop=\"thumbnailUrl\"  \/><\/div><\/div><\/div><br \/>\n\n<style type=\"text\/css\" data-created_by=\"avia_inline_auto\" id=\"style-css-av-lrgvnlta-9046022bb05954731953978ec49813ff\">\n#top .av-special-heading.av-lrgvnlta-9046022bb05954731953978ec49813ff{\npadding-bottom:10px;\n}\nbody .av-special-heading.av-lrgvnlta-9046022bb05954731953978ec49813ff .av-special-heading-tag .heading-char{\nfont-size:25px;\n}\n.av-special-heading.av-lrgvnlta-9046022bb05954731953978ec49813ff .av-subheading{\nfont-size:15px;\n}\n<\/style>\n<div  class='av-special-heading av-lrgvnlta-9046022bb05954731953978ec49813ff av-special-heading-h3  avia-builder-el-8  el_after_av_image  el_before_av_hr '><h3 class='av-special-heading-tag '  itemprop=\"headline\"  >Contact Formation Maintenance<\/h3><div class=\"special-heading-border\"><div class=\"special-heading-inner-border\"><\/div><\/div><\/div><br \/>\n\n<style type=\"text\/css\" data-created_by=\"avia_inline_auto\" id=\"style-css-av-kgicmdyj-bd16ad0d243d4f2a7f358f272a4800a4\">\n#top .hr.hr-invisible.av-kgicmdyj-bd16ad0d243d4f2a7f358f272a4800a4{\nheight:30px;\n}\n<\/style>\n<div  class='hr av-kgicmdyj-bd16ad0d243d4f2a7f358f272a4800a4 hr-invisible  avia-builder-el-9  el_after_av_heading  el_before_av_textblock '><span class='hr-inner '><span class=\"hr-inner-style\"><\/span><\/span><\/div><br \/>\n<section  class='av_textblock_section av-kgicdkxy-5812b02132e3c888c03ca74664f19741 '   itemscope=\"itemscope\" itemtype=\"https:\/\/schema.org\/CreativeWork\" ><div class='avia_textblock'  itemprop=\"text\" ><div id=\"u409\" class=\"ax_default heading_3\">\n<div id=\"u409_text\" class=\"text \">\n<div id=\"u409\" class=\"ax_default heading_3\">\n<div id=\"u409_text\" class=\"text \">Payton Boswell-Pearson<\/div>\n<\/div>\n<div id=\"u410\" class=\"ax_default paragraph\">\n<div id=\"u410_text\" class=\"text \">Superviseur principal de la formation<br \/>\nH\u00e9licopt\u00e8res Canadiens<br \/>\nT\u00e9l +1 780 429 6291<br \/>\n<a href=\"mai&#108;&#116;&#111;&#x3a;&#x41;&#x54;&#x4f;&#x40;&#x63;ana&#100;&#105;&#97;&#110;&#x68;&#x65;&#x6c;&#x69;&#x63;&#x6f;pte&#114;&#115;&#46;&#x63;&#x6f;&#x6d;\">\u00c9crivez-nous<\/a><\/div>\n<\/div>\n<\/div>\n<\/div>\n<\/div><\/section><\/p><\/div><\/div><!--close column table wrapper. Autoclose: 1 --><\/p>\n\n<style type=\"text\/css\" data-created_by=\"avia_inline_auto\" id=\"style-css-av-kgicmdyj-1a3642b65416b509f8d4937353414c54\">\n#top .hr.hr-invisible.av-kgicmdyj-1a3642b65416b509f8d4937353414c54{\nheight:50px;\n}\n<\/style>\n<div  class='hr av-kgicmdyj-1a3642b65416b509f8d4937353414c54 hr-invisible  avia-builder-el-11  el_after_av_two_fifth  el_before_av_one_full '><span class='hr-inner '><span class=\"hr-inner-style\"><\/span><\/span><\/div>\n\n<style type=\"text\/css\" data-created_by=\"avia_inline_auto\" id=\"style-css-av-kgjtiz1n-45a8a1d84d50ba039565139c28fe97e5\">\n.flex_column.av-kgjtiz1n-45a8a1d84d50ba039565139c28fe97e5{\nborder-radius:0px 0px 0px 0px;\npadding:5% 5% 5% 5%;\nbackground-color:#0a0a0a;\n}\n<\/style>\n<div  class='flex_column av-kgjtiz1n-45a8a1d84d50ba039565139c28fe97e5 av_one_full  avia-builder-el-12  el_after_av_hr  el_before_av_hr  first flex_column_div  '     ><p>\n<style type=\"text\/css\" data-created_by=\"avia_inline_auto\" id=\"style-css-av-kgjtkwvx-3bd48e057ce9ed2cb3a6269a58297043\">\n#top .av-special-heading.av-kgjtkwvx-3bd48e057ce9ed2cb3a6269a58297043{\npadding-bottom:10px;\ncolor:#ffffff;\n}\nbody .av-special-heading.av-kgjtkwvx-3bd48e057ce9ed2cb3a6269a58297043 .av-special-heading-tag .heading-char{\nfont-size:25px;\n}\n.av-special-heading.av-kgjtkwvx-3bd48e057ce9ed2cb3a6269a58297043 .special-heading-inner-border{\nborder-color:#ffffff;\n}\n.av-special-heading.av-kgjtkwvx-3bd48e057ce9ed2cb3a6269a58297043 .av-subheading{\nfont-size:15px;\n}\n<\/style>\n<div  class='av-special-heading av-kgjtkwvx-3bd48e057ce9ed2cb3a6269a58297043 av-special-heading-h3 custom-color-heading  avia-builder-el-13  el_before_av_textblock  avia-builder-el-first '><h3 class='av-special-heading-tag '  itemprop=\"headline\"  >Si vous souhaitez vous inscrire, <\/h3><div class=\"special-heading-border\"><div class=\"special-heading-inner-border\"><\/div><\/div><\/div><br \/>\n\n<style type=\"text\/css\" data-created_by=\"avia_inline_auto\" id=\"style-css-av-kgic8tc2-af47e4babe802a752058bb3a399ca32a\">\n#top .av_textblock_section.av-kgic8tc2-af47e4babe802a752058bb3a399ca32a .avia_textblock{\ncolor:#ffffff;\n}\n<\/style>\n<section  class='av_textblock_section av-kgic8tc2-af47e4babe802a752058bb3a399ca32a '   itemscope=\"itemscope\" itemtype=\"https:\/\/schema.org\/CreativeWork\" ><div class='avia_textblock av_inherit_color'  itemprop=\"text\" ><p>veuillez contacter le Superviseur principal de la formation.<\/p>\n<\/div><\/section><\/p><\/div>\n\n<style type=\"text\/css\" data-created_by=\"avia_inline_auto\" id=\"style-css-av-kgicmdyj-45685e002e5125930cfe301d1eabef78\">\n#top .hr.hr-invisible.av-kgicmdyj-45685e002e5125930cfe301d1eabef78{\nmargin-top:-50px;\nheight:1px;\n}\n<\/style>\n<div  class='hr av-kgicmdyj-45685e002e5125930cfe301d1eabef78 hr-invisible  avia-builder-el-15  el_after_av_one_full  el_before_av_one_full '><span class='hr-inner '><span class=\"hr-inner-style\"><\/span><\/span><\/div>\n\n<style type=\"text\/css\" data-created_by=\"avia_inline_auto\" id=\"style-css-av-kgiccfp0-e372b409e895ad4e45a204f651af33d3\">\n.flex_column.av-kgiccfp0-e372b409e895ad4e45a204f651af33d3{\nborder-radius:0px 0px 0px 0px;\npadding:0px 0px 0px 0px;\n}\n<\/style>\n<div  class='flex_column av-kgiccfp0-e372b409e895ad4e45a204f651af33d3 av_one_full  avia-builder-el-16  el_after_av_hr  avia-builder-el-last  first flex_column_div av-zero-column-padding  '     ><p>\n<style type=\"text\/css\" data-created_by=\"avia_inline_auto\" id=\"style-css-av-kgibuel5-8c058bb825379815b2b62b034aaadacf\">\n#top .hr.av-kgibuel5-8c058bb825379815b2b62b034aaadacf{\nmargin-top:30px;\nmargin-bottom:30px;\n}\n.hr.av-kgibuel5-8c058bb825379815b2b62b034aaadacf .hr-inner{\nwidth:75px;\nborder-color:#e51837;\n}\n<\/style>\n<div  class='hr av-kgibuel5-8c058bb825379815b2b62b034aaadacf hr-custom  avia-builder-el-17  el_before_av_image  avia-builder-el-first  av-desktop-hide av-medium-hide hr-left hr-icon-no'><span class='hr-inner inner-border-av-border-fat'><span class=\"hr-inner-style\"><\/span><\/span><\/div><br \/>\n\n<style type=\"text\/css\" data-created_by=\"avia_inline_auto\" id=\"style-css-av-kgick1nw-39d46310f15d21fcb40a29b83227046a\">\n.avia-image-container.av-kgick1nw-39d46310f15d21fcb40a29b83227046a img.avia_image{\nbox-shadow:none;\n}\n.avia-image-container.av-kgick1nw-39d46310f15d21fcb40a29b83227046a .av-image-caption-overlay-center{\ncolor:#ffffff;\n}\n<\/style>\n<div  class='avia-image-container av-kgick1nw-39d46310f15d21fcb40a29b83227046a av-styling-no-styling avia-align-left  avia-builder-el-18  el_after_av_hr  el_before_av_hr  av-desktop-hide av-medium-hide'   itemprop=\"image\" itemscope=\"itemscope\" itemtype=\"https:\/\/schema.org\/ImageObject\" ><div class=\"avia-image-container-inner\"><div class=\"avia-image-overlay-wrap\"><img decoding=\"async\" fetchpriority=\"high\" class='wp-image-2191 avia-img-lazy-loading-not-2191 avia_image ' src=\"https:\/\/www.canadianhelicopters.com\/wp-content\/uploads\/2012\/06\/maintenancesupport1.jpg\" alt='' title='maintenancesupport'  height=\"121\" width=\"190\"  itemprop=\"thumbnailUrl\"  \/><\/div><\/div><\/div><br \/>\n\n<style type=\"text\/css\" data-created_by=\"avia_inline_auto\" id=\"style-css-av-kgibuel5-72c650f2492d8c51fccc01f39507df75\">\n#top .hr.hr-invisible.av-kgibuel5-72c650f2492d8c51fccc01f39507df75{\nheight:10px;\n}\n<\/style>\n<div  class='hr av-kgibuel5-72c650f2492d8c51fccc01f39507df75 hr-invisible  avia-builder-el-19  el_after_av_image  el_before_av_heading  av-desktop-hide av-medium-hide av-small-hide'><span class='hr-inner '><span class=\"hr-inner-style\"><\/span><\/span><\/div><br \/>\n\n<style type=\"text\/css\" data-created_by=\"avia_inline_auto\" id=\"style-css-av-kjt2fwv0-36b85775c8247909c7d131c5875cb5ad\">\n#top .av-special-heading.av-kjt2fwv0-36b85775c8247909c7d131c5875cb5ad{\npadding-bottom:10px;\n}\nbody .av-special-heading.av-kjt2fwv0-36b85775c8247909c7d131c5875cb5ad .av-special-heading-tag .heading-char{\nfont-size:25px;\n}\n.av-special-heading.av-kjt2fwv0-36b85775c8247909c7d131c5875cb5ad .av-subheading{\nfont-size:15px;\n}\n<\/style>\n<div  class='av-special-heading av-kjt2fwv0-36b85775c8247909c7d131c5875cb5ad av-special-heading-h3  avia-builder-el-20  el_after_av_hr  el_before_av_textblock  av-desktop-hide av-medium-hide'><h3 class='av-special-heading-tag '  itemprop=\"headline\"  >Logistique de maintenance<\/h3><div class=\"special-heading-border\"><div class=\"special-heading-inner-border\"><\/div><\/div><\/div><br \/>\n<section  class='av_textblock_section av-kgicdkxy-c768e34faa3005cb7b4fd16460bc5c9f '   itemscope=\"itemscope\" itemtype=\"https:\/\/schema.org\/CreativeWork\" ><div class='av-desktop-hide av-medium-hide avia_textblock'  itemprop=\"text\" ><div id=\"u409\" class=\"ax_default heading_3\">\n<div id=\"u409_text\" class=\"text \">\n<div id=\"u409\" class=\"ax_default heading_3\">\n<div id=\"u409_text\" class=\"text \">Payton Boswell-Pearson<\/div>\n<\/div>\n<div id=\"u410\" class=\"ax_default paragraph\">\n<div id=\"u410_text\" class=\"text \">Superviseur principal de la formation<br \/>\nH\u00e9licopt\u00e8res Canadiens<br \/>\nT\u00e9l +1 204 872 3527<br \/>\n<a href=\"mail&#116;&#111;&#58;&#65;&#84;&#79;&#64;&#x63;&#x61;&#x6e;&#x61;&#x64;&#x69;&#x61;&#x6e;&#x68;elic&#111;&#112;&#116;&#101;&#114;&#115;&#46;&#x63;&#x6f;&#x6d;\">\u00c9crivez-nous<\/a><\/div>\n<\/div>\n<\/div>\n<\/div>\n<\/div><\/section><\/p><\/div>\n","protected":false},"excerpt":{"rendered":"","protected":false},"author":4,"featured_media":0,"parent":0,"menu_order":0,"comment_status":"closed","ping_status":"closed","template":"","meta":{"footnotes":""},"class_list":["post-3497","page","type-page","status-publish","hentry"],"yoast_head":"<!-- This site is optimized with the Yoast SEO plugin v27.4 - https:\/\/yoast.com\/product\/yoast-seo-wordpress\/ -->\n<title>Formation de maintenance - Canadian Helicopters<\/title>\n<meta name=\"robots\" content=\"index, follow, max-snippet:-1, max-image-preview:large, max-video-preview:-1\" \/>\n<link rel=\"canonical\" href=\"https:\/\/www.canadianhelicopters.com\/fr\/formation-a-la-maintenance\/\" \/>\n<meta property=\"og:locale\" content=\"fr_FR\" \/>\n<meta property=\"og:type\" content=\"article\" \/>\n<meta property=\"og:title\" content=\"Formation de maintenance - Canadian Helicopters\" \/>\n<meta property=\"og:url\" content=\"https:\/\/www.canadianhelicopters.com\/fr\/formation-a-la-maintenance\/\" \/>\n<meta property=\"og:site_name\" content=\"Canadian Helicopters\" \/>\n<meta property=\"article:modified_time\" content=\"2026-01-14T14:50:26+00:00\" \/>\n<meta name=\"twitter:card\" content=\"summary_large_image\" \/>\n<meta name=\"twitter:label1\" content=\"Dur\u00e9e de lecture estim\u00e9e\" \/>\n\t<meta name=\"twitter:data1\" content=\"2 minutes\" \/>\n<script type=\"application\/ld+json\" class=\"yoast-schema-graph\">{\"@context\":\"https:\\\/\\\/schema.org\",\"@graph\":[{\"@type\":\"WebPage\",\"@id\":\"https:\\\/\\\/www.canadianhelicopters.com\\\/fr\\\/formation-a-la-maintenance\\\/\",\"url\":\"https:\\\/\\\/www.canadianhelicopters.com\\\/fr\\\/formation-a-la-maintenance\\\/\",\"name\":\"Formation de maintenance - Canadian Helicopters\",\"isPartOf\":{\"@id\":\"https:\\\/\\\/www.canadianhelicopters.com\\\/fr\\\/#website\"},\"datePublished\":\"2020-12-01T16:29:54+00:00\",\"dateModified\":\"2026-01-14T14:50:26+00:00\",\"breadcrumb\":{\"@id\":\"https:\\\/\\\/www.canadianhelicopters.com\\\/fr\\\/formation-a-la-maintenance\\\/#breadcrumb\"},\"inLanguage\":\"fr-FR\",\"potentialAction\":[{\"@type\":\"ReadAction\",\"target\":[\"https:\\\/\\\/www.canadianhelicopters.com\\\/fr\\\/formation-a-la-maintenance\\\/\"]}]},{\"@type\":\"BreadcrumbList\",\"@id\":\"https:\\\/\\\/www.canadianhelicopters.com\\\/fr\\\/formation-a-la-maintenance\\\/#breadcrumb\",\"itemListElement\":[{\"@type\":\"ListItem\",\"position\":1,\"name\":\"Home\",\"item\":\"https:\\\/\\\/www.canadianhelicopters.com\\\/fr\\\/home\\\/\"},{\"@type\":\"ListItem\",\"position\":2,\"name\":\"Formation de maintenance\"}]},{\"@type\":\"WebSite\",\"@id\":\"https:\\\/\\\/www.canadianhelicopters.com\\\/fr\\\/#website\",\"url\":\"https:\\\/\\\/www.canadianhelicopters.com\\\/fr\\\/\",\"name\":\"Canadian Helicopters\",\"description\":\"\",\"publisher\":{\"@id\":\"https:\\\/\\\/www.canadianhelicopters.com\\\/fr\\\/#organization\"},\"potentialAction\":[{\"@type\":\"SearchAction\",\"target\":{\"@type\":\"EntryPoint\",\"urlTemplate\":\"https:\\\/\\\/www.canadianhelicopters.com\\\/fr\\\/?s={search_term_string}\"},\"query-input\":{\"@type\":\"PropertyValueSpecification\",\"valueRequired\":true,\"valueName\":\"search_term_string\"}}],\"inLanguage\":\"fr-FR\"},{\"@type\":\"Organization\",\"@id\":\"https:\\\/\\\/www.canadianhelicopters.com\\\/fr\\\/#organization\",\"name\":\"Canadian Helicopters\",\"url\":\"https:\\\/\\\/www.canadianhelicopters.com\\\/fr\\\/\",\"logo\":{\"@type\":\"ImageObject\",\"inLanguage\":\"fr-FR\",\"@id\":\"https:\\\/\\\/www.canadianhelicopters.com\\\/fr\\\/#\\\/schema\\\/logo\\\/image\\\/\",\"url\":\"https:\\\/\\\/www.canadianhelicopters.com\\\/wp-content\\\/uploads\\\/2020\\\/10\\\/CH-logo-EN.png\",\"contentUrl\":\"https:\\\/\\\/www.canadianhelicopters.com\\\/wp-content\\\/uploads\\\/2020\\\/10\\\/CH-logo-EN.png\",\"width\":230,\"height\":129,\"caption\":\"Canadian Helicopters\"},\"image\":{\"@id\":\"https:\\\/\\\/www.canadianhelicopters.com\\\/fr\\\/#\\\/schema\\\/logo\\\/image\\\/\"}}]}<\/script>\n<!-- \/ Yoast SEO plugin. -->","yoast_head_json":{"title":"Formation de maintenance - Canadian Helicopters","robots":{"index":"index","follow":"follow","max-snippet":"max-snippet:-1","max-image-preview":"max-image-preview:large","max-video-preview":"max-video-preview:-1"},"canonical":"https:\/\/www.canadianhelicopters.com\/fr\/formation-a-la-maintenance\/","og_locale":"fr_FR","og_type":"article","og_title":"Formation de maintenance - Canadian Helicopters","og_url":"https:\/\/www.canadianhelicopters.com\/fr\/formation-a-la-maintenance\/","og_site_name":"Canadian Helicopters","article_modified_time":"2026-01-14T14:50:26+00:00","twitter_card":"summary_large_image","twitter_misc":{"Dur\u00e9e de lecture estim\u00e9e":"2 minutes"},"schema":{"@context":"https:\/\/schema.org","@graph":[{"@type":"WebPage","@id":"https:\/\/www.canadianhelicopters.com\/fr\/formation-a-la-maintenance\/","url":"https:\/\/www.canadianhelicopters.com\/fr\/formation-a-la-maintenance\/","name":"Formation de maintenance - Canadian Helicopters","isPartOf":{"@id":"https:\/\/www.canadianhelicopters.com\/fr\/#website"},"datePublished":"2020-12-01T16:29:54+00:00","dateModified":"2026-01-14T14:50:26+00:00","breadcrumb":{"@id":"https:\/\/www.canadianhelicopters.com\/fr\/formation-a-la-maintenance\/#breadcrumb"},"inLanguage":"fr-FR","potentialAction":[{"@type":"ReadAction","target":["https:\/\/www.canadianhelicopters.com\/fr\/formation-a-la-maintenance\/"]}]},{"@type":"BreadcrumbList","@id":"https:\/\/www.canadianhelicopters.com\/fr\/formation-a-la-maintenance\/#breadcrumb","itemListElement":[{"@type":"ListItem","position":1,"name":"Home","item":"https:\/\/www.canadianhelicopters.com\/fr\/home\/"},{"@type":"ListItem","position":2,"name":"Formation de maintenance"}]},{"@type":"WebSite","@id":"https:\/\/www.canadianhelicopters.com\/fr\/#website","url":"https:\/\/www.canadianhelicopters.com\/fr\/","name":"Canadian Helicopters","description":"","publisher":{"@id":"https:\/\/www.canadianhelicopters.com\/fr\/#organization"},"potentialAction":[{"@type":"SearchAction","target":{"@type":"EntryPoint","urlTemplate":"https:\/\/www.canadianhelicopters.com\/fr\/?s={search_term_string}"},"query-input":{"@type":"PropertyValueSpecification","valueRequired":true,"valueName":"search_term_string"}}],"inLanguage":"fr-FR"},{"@type":"Organization","@id":"https:\/\/www.canadianhelicopters.com\/fr\/#organization","name":"Canadian Helicopters","url":"https:\/\/www.canadianhelicopters.com\/fr\/","logo":{"@type":"ImageObject","inLanguage":"fr-FR","@id":"https:\/\/www.canadianhelicopters.com\/fr\/#\/schema\/logo\/image\/","url":"https:\/\/www.canadianhelicopters.com\/wp-content\/uploads\/2020\/10\/CH-logo-EN.png","contentUrl":"https:\/\/www.canadianhelicopters.com\/wp-content\/uploads\/2020\/10\/CH-logo-EN.png","width":230,"height":129,"caption":"Canadian Helicopters"},"image":{"@id":"https:\/\/www.canadianhelicopters.com\/fr\/#\/schema\/logo\/image\/"}}]}},"_links":{"self":[{"href":"https:\/\/www.canadianhelicopters.com\/fr\/wp-json\/wp\/v2\/pages\/3497","targetHints":{"allow":["GET"]}}],"collection":[{"href":"https:\/\/www.canadianhelicopters.com\/fr\/wp-json\/wp\/v2\/pages"}],"about":[{"href":"https:\/\/www.canadianhelicopters.com\/fr\/wp-json\/wp\/v2\/types\/page"}],"author":[{"embeddable":true,"href":"https:\/\/www.canadianhelicopters.com\/fr\/wp-json\/wp\/v2\/users\/4"}],"replies":[{"embeddable":true,"href":"https:\/\/www.canadianhelicopters.com\/fr\/wp-json\/wp\/v2\/comments?post=3497"}],"version-history":[{"count":8,"href":"https:\/\/www.canadianhelicopters.com\/fr\/wp-json\/wp\/v2\/pages\/3497\/revisions"}],"predecessor-version":[{"id":4868,"href":"https:\/\/www.canadianhelicopters.com\/fr\/wp-json\/wp\/v2\/pages\/3497\/revisions\/4868"}],"wp:attachment":[{"href":"https:\/\/www.canadianhelicopters.com\/fr\/wp-json\/wp\/v2\/media?parent=3497"}],"curies":[{"name":"wp","href":"https:\/\/api.w.org\/{rel}","templated":true}]}}